{"id":187,"date":"2023-03-16T19:35:42","date_gmt":"2023-03-16T18:35:42","guid":{"rendered":"https:\/\/epicerievernazza.fr\/?page_id=187"},"modified":"2023-04-22T17:52:05","modified_gmt":"2023-04-22T15:52:05","slug":"produits-frais","status":"publish","type":"page","link":"https:\/\/epicerievernazza.fr\/?page_id=187","title":{"rendered":"Produits Frais"},"content":{"rendered":"\t\t<div data-elementor-type=\"wp-page\" data-elementor-id=\"187\" class=\"elementor elementor-187\">\n\t\t\t\t\t\t<section class=\"elementor-section elementor-top-section elementor-element elementor-element-56c3e33 elementor-section-boxed elementor-section-height-default elementor-section-height-default\" data-id=\"56c3e33\" data-element_type=\"section\" data-e-type=\"section\">\n\t\t\t\t\t\t<div class=\"elementor-container elementor-column-gap-default\">\n\t\t\t\t\t<div class=\"elementor-column elementor-col-100 elementor-top-column elementor-element elementor-element-051b94d\" data-id=\"051b94d\" data-element_type=\"column\" data-e-type=\"column\">\n\t\t\t<div class=\"elementor-widget-wrap elementor-element-populated\">\n\t\t\t\t\t\t<div class=\"elementor-element elementor-element-f4f7825 elementor-invisible elementor-widget elementor-widget-heading\" data-id=\"f4f7825\" data-element_type=\"widget\" data-e-type=\"widget\" data-settings=\"{&quot;_animation&quot;:&quot;fadeIn&quot;}\" data-widget_type=\"heading.default\">\n\t\t\t\t<div class=\"elementor-widget-container\">\n\t\t\t\t\t<h2 class=\"elementor-heading-title elementor-size-default\">Nos produits frais<\/h2>\t\t\t\t<\/div>\n\t\t\t\t<\/div>\n\t\t\t\t\t<\/div>\n\t\t<\/div>\n\t\t\t\t\t<\/div>\n\t\t<\/section>\n\t\t\t\t<section class=\"elementor-section elementor-top-section elementor-element elementor-element-666cc96 elementor-section-boxed elementor-section-height-default elementor-section-height-default\" data-id=\"666cc96\" data-element_type=\"section\" data-e-type=\"section\">\n\t\t\t\t\t\t<div class=\"elementor-container elementor-column-gap-default\">\n\t\t\t\t\t<div class=\"elementor-column elementor-col-100 elementor-top-column elementor-element elementor-element-45b7dd8\" data-id=\"45b7dd8\" data-element_type=\"column\" data-e-type=\"column\">\n\t\t\t<div class=\"elementor-widget-wrap elementor-element-populated\">\n\t\t\t\t\t\t<div class=\"elementor-element elementor-element-56337c5 elementor-widget elementor-widget-spacer\" data-id=\"56337c5\" data-element_type=\"widget\" data-e-type=\"widget\" data-widget_type=\"spacer.default\">\n\t\t\t\t<div class=\"elementor-widget-container\">\n\t\t\t\t\t\t\t<div class=\"elementor-spacer\">\n\t\t\t<div class=\"elementor-spacer-inner\"><\/div>\n\t\t<\/div>\n\t\t\t\t\t\t<\/div>\n\t\t\t\t<\/div>\n\t\t\t\t\t<\/div>\n\t\t<\/div>\n\t\t\t\t\t<\/div>\n\t\t<\/section>\n\t\t\t\t<section class=\"elementor-section elementor-top-section elementor-element elementor-element-13f49d3 elementor-section-boxed elementor-section-height-default elementor-section-height-default\" data-id=\"13f49d3\" data-element_type=\"section\" data-e-type=\"section\">\n\t\t\t\t\t\t<div class=\"elementor-container elementor-column-gap-default\">\n\t\t\t\t\t<div class=\"elementor-column elementor-col-100 elementor-top-column elementor-element elementor-element-7e5110b\" data-id=\"7e5110b\" data-element_type=\"column\" data-e-type=\"column\">\n\t\t\t<div class=\"elementor-widget-wrap elementor-element-populated\">\n\t\t\t\t\t\t<div class=\"elementor-element elementor-element-007834b elementor-invisible elementor-widget elementor-widget-text-editor\" data-id=\"007834b\" data-element_type=\"widget\" data-e-type=\"widget\" data-settings=\"{&quot;_animation&quot;:&quot;fadeIn&quot;}\" data-widget_type=\"text-editor.default\">\n\t\t\t\t<div class=\"elementor-widget-container\">\n\t\t\t\t\t\t\t\t\t<p style=\"text-align: center;\"><span style=\"color: #1d1d1b;\">Un large choix de <span style=\"color: #9a2a1b;\"><a style=\"color: #9a2a1b;\" href=\"https:\/\/epicerievernazza.fr\/?page_id=238\">charcuterie<\/a><\/span>, <span style=\"color: #9a2a1b;\"><a style=\"color: #9a2a1b;\" href=\"https:\/\/epicerievernazza.fr\/?page_id=245\">fromages<\/a><\/span>, <span style=\"color: #9a2a1b;\"><a style=\"color: #9a2a1b;\" href=\"https:\/\/epicerievernazza.fr\/?page_id=246\">antipastis<\/a><\/span> vous sont propos\u00e9s en boutique chaque jour et selon les saisons. D\u00e9couvrez d\u00e8s maintenant cette s\u00e9lection sur notre site <em><span style=\"color: #9a2a1b;\"><a style=\"color: #9a2a1b;\" href=\"https:\/\/epicerievernazza.fr\/\">Vernazza<\/a><\/span><\/em>.<\/span><\/p>\t\t\t\t\t\t\t\t<\/div>\n\t\t\t\t<\/div>\n\t\t\t\t\t<\/div>\n\t\t<\/div>\n\t\t\t\t\t<\/div>\n\t\t<\/section>\n\t\t\t\t<section class=\"elementor-section elementor-top-section elementor-element elementor-element-d141737 elementor-section-boxed elementor-section-height-default elementor-section-height-default\" data-id=\"d141737\" data-element_type=\"section\" data-e-type=\"section\">\n\t\t\t\t\t\t<div class=\"elementor-container elementor-column-gap-default\">\n\t\t\t\t\t<div class=\"elementor-column elementor-col-100 elementor-top-column elementor-element elementor-element-4d88579\" data-id=\"4d88579\" data-element_type=\"column\" data-e-type=\"column\">\n\t\t\t<div class=\"elementor-widget-wrap elementor-element-populated\">\n\t\t\t\t\t\t<div class=\"elementor-element elementor-element-0c13d05 elementor-widget-divider--view-line_icon elementor-view-default elementor-widget-divider--element-align-center elementor-invisible elementor-widget elementor-widget-divider\" data-id=\"0c13d05\" data-element_type=\"widget\" data-e-type=\"widget\" data-settings=\"{&quot;_animation&quot;:&quot;fadeIn&quot;}\" data-widget_type=\"divider.default\">\n\t\t\t\t<div class=\"elementor-widget-container\">\n\t\t\t\t\t\t\t<div class=\"elementor-divider\">\n\t\t\t<span class=\"elementor-divider-separator\">\n\t\t\t\t\t\t\t<div class=\"elementor-icon elementor-divider__element\">\n\t\t\t\t\t<i aria-hidden=\"true\" class=\"fas fa-shopping-basket\"><\/i><\/div>\n\t\t\t\t\t\t<\/span>\n\t\t<\/div>\n\t\t\t\t\t\t<\/div>\n\t\t\t\t<\/div>\n\t\t\t\t\t<\/div>\n\t\t<\/div>\n\t\t\t\t\t<\/div>\n\t\t<\/section>\n\t\t\t\t<section class=\"elementor-section elementor-top-section elementor-element elementor-element-6cdf163 elementor-section-boxed elementor-section-height-default elementor-section-height-default\" data-id=\"6cdf163\" data-element_type=\"section\" data-e-type=\"section\">\n\t\t\t\t\t\t<div class=\"elementor-container elementor-column-gap-default\">\n\t\t\t\t\t<div class=\"elementor-column elementor-col-100 elementor-top-column elementor-element elementor-element-7c259f8\" data-id=\"7c259f8\" data-element_type=\"column\" data-e-type=\"column\">\n\t\t\t<div class=\"elementor-widget-wrap elementor-element-populated\">\n\t\t\t\t\t\t<div class=\"elementor-element elementor-element-80c0dee elementor-widget elementor-widget-spacer\" data-id=\"80c0dee\" data-element_type=\"widget\" data-e-type=\"widget\" data-widget_type=\"spacer.default\">\n\t\t\t\t<div class=\"elementor-widget-container\">\n\t\t\t\t\t\t\t<div class=\"elementor-spacer\">\n\t\t\t<div class=\"elementor-spacer-inner\"><\/div>\n\t\t<\/div>\n\t\t\t\t\t\t<\/div>\n\t\t\t\t<\/div>\n\t\t\t\t\t<\/div>\n\t\t<\/div>\n\t\t\t\t\t<\/div>\n\t\t<\/section>\n\t\t\t\t<section class=\"elementor-section elementor-top-section elementor-element elementor-element-02e5f80 elementor-section-boxed elementor-section-height-default elementor-section-height-default\" data-id=\"02e5f80\" data-element_type=\"section\" data-e-type=\"section\">\n\t\t\t\t\t\t<div class=\"elementor-container elementor-column-gap-default\">\n\t\t\t\t\t<div class=\"elementor-column elementor-col-100 elementor-top-column elementor-element elementor-element-cade947\" data-id=\"cade947\" data-element_type=\"column\" data-e-type=\"column\">\n\t\t\t<div class=\"elementor-widget-wrap elementor-element-populated\">\n\t\t\t\t\t\t<div class=\"elementor-element elementor-element-af10e4b elementor-invisible elementor-widget elementor-widget-text-editor\" data-id=\"af10e4b\" data-element_type=\"widget\" data-e-type=\"widget\" data-settings=\"{&quot;_animation&quot;:&quot;fadeIn&quot;}\" data-widget_type=\"text-editor.default\">\n\t\t\t\t<div class=\"elementor-widget-container\">\n\t\t\t\t\t\t\t\t\t<p><span style=\"color: #000000;\"><div id=\"metaslider-id-1787\" style=\"width: 100%;\" class=\"ml-slider-3-108-0 metaslider metaslider-flex metaslider-1787 ml-slider has-dots-nav has-carousel-mode ms-theme-default\" role=\"region\" aria-label=\"Produits frais\" data-height=\"700\" data-width=\"1500\">\n    <div id=\"metaslider_container_1787\">\n        <div id=\"metaslider_1787\">\n            <ul class='slides'>\n                <li style=\"display: none; width: 100%;\" class=\"slide-1790 ms-image \" aria-roledescription=\"slide\" data-date=\"2023-04-01 21:37:12\" data-filename=\"Produits-frais-scaled.jpg\" data-slide-type=\"image\"><img fetchpriority=\"high\" decoding=\"async\" width=\"2560\" height=\"1211\" src=\"https:\/\/epicerievernazza.fr\/wp-content\/uploads\/2023\/04\/Produits-frais-scaled.jpg\" class=\"slider-1787 slide-1790 msDefaultImage\" alt=\"\" rel=\"\" title=\"Produits frais\" style=\"margin: 0 auto; width: 98.651252408478%\" srcset=\"https:\/\/epicerievernazza.fr\/wp-content\/uploads\/2023\/04\/Produits-frais-scaled.jpg 2560w, https:\/\/epicerievernazza.fr\/wp-content\/uploads\/2023\/04\/Produits-frais-300x142.jpg 300w, https:\/\/epicerievernazza.fr\/wp-content\/uploads\/2023\/04\/Produits-frais-1024x485.jpg 1024w, https:\/\/epicerievernazza.fr\/wp-content\/uploads\/2023\/04\/Produits-frais-768x363.jpg 768w, https:\/\/epicerievernazza.fr\/wp-content\/uploads\/2023\/04\/Produits-frais-1536x727.jpg 1536w, https:\/\/epicerievernazza.fr\/wp-content\/uploads\/2023\/04\/Produits-frais-2048x969.jpg 2048w\" sizes=\"(max-width: 2560px) 100vw, 2560px\" \/><\/li>\n                <li style=\"display: none; width: 100%;\" class=\"slide-1940 ms-image \" aria-roledescription=\"slide\" data-date=\"2023-04-02 13:52:05\" data-filename=\"Page-principale-Produits-frais.jpg\" data-slide-type=\"image\"><img decoding=\"async\" width=\"2016\" height=\"954\" src=\"https:\/\/epicerievernazza.fr\/wp-content\/uploads\/2023\/04\/Page-principale-Produits-frais.jpg\" class=\"slider-1787 slide-1940 msDefaultImage\" alt=\"\" rel=\"\" title=\"Page principale Produits frais\" style=\"margin: 0 auto; width: 98.616352201258%\" srcset=\"https:\/\/epicerievernazza.fr\/wp-content\/uploads\/2023\/04\/Page-principale-Produits-frais.jpg 2016w, https:\/\/epicerievernazza.fr\/wp-content\/uploads\/2023\/04\/Page-principale-Produits-frais-300x142.jpg 300w, https:\/\/epicerievernazza.fr\/wp-content\/uploads\/2023\/04\/Page-principale-Produits-frais-1024x485.jpg 1024w, https:\/\/epicerievernazza.fr\/wp-content\/uploads\/2023\/04\/Page-principale-Produits-frais-768x363.jpg 768w, https:\/\/epicerievernazza.fr\/wp-content\/uploads\/2023\/04\/Page-principale-Produits-frais-1536x727.jpg 1536w\" sizes=\"(max-width: 2016px) 100vw, 2016px\" \/><\/li>\n                <li style=\"display: none; width: 100%;\" class=\"slide-1792 ms-image \" aria-roledescription=\"slide\" data-date=\"2023-04-01 21:37:29\" data-filename=\"Produits-frais-3-scaled.jpg\" data-slide-type=\"image\"><img decoding=\"async\" width=\"2560\" height=\"1297\" src=\"https:\/\/epicerievernazza.fr\/wp-content\/uploads\/2023\/04\/Produits-frais-3-scaled.jpg\" class=\"slider-1787 slide-1792 msDefaultImage\" alt=\"\" rel=\"\" title=\"Produits frais (3)\" style=\"margin: 0 auto; width: 92.109997429967%\" srcset=\"https:\/\/epicerievernazza.fr\/wp-content\/uploads\/2023\/04\/Produits-frais-3-scaled.jpg 2560w, https:\/\/epicerievernazza.fr\/wp-content\/uploads\/2023\/04\/Produits-frais-3-300x152.jpg 300w, https:\/\/epicerievernazza.fr\/wp-content\/uploads\/2023\/04\/Produits-frais-3-1024x519.jpg 1024w, https:\/\/epicerievernazza.fr\/wp-content\/uploads\/2023\/04\/Produits-frais-3-768x389.jpg 768w, https:\/\/epicerievernazza.fr\/wp-content\/uploads\/2023\/04\/Produits-frais-3-1536x778.jpg 1536w, https:\/\/epicerievernazza.fr\/wp-content\/uploads\/2023\/04\/Produits-frais-3-2048x1038.jpg 2048w\" sizes=\"(max-width: 2560px) 100vw, 2560px\" \/><\/li>\n                <li style=\"display: none; width: 100%;\" class=\"slide-1793 ms-image \" aria-roledescription=\"slide\" data-date=\"2023-04-01 21:37:42\" data-filename=\"Page-principal-produits-frais-scaled.jpg\" data-slide-type=\"image\"><img loading=\"lazy\" decoding=\"async\" width=\"2560\" height=\"1211\" src=\"https:\/\/epicerievernazza.fr\/wp-content\/uploads\/2023\/04\/Page-principal-produits-frais-scaled.jpg\" class=\"slider-1787 slide-1793 msDefaultImage\" alt=\"\" rel=\"\" title=\"Page principal produits frais\" style=\"margin: 0 auto; width: 98.651252408478%\" srcset=\"https:\/\/epicerievernazza.fr\/wp-content\/uploads\/2023\/04\/Page-principal-produits-frais-scaled.jpg 2560w, https:\/\/epicerievernazza.fr\/wp-content\/uploads\/2023\/04\/Page-principal-produits-frais-300x142.jpg 300w, https:\/\/epicerievernazza.fr\/wp-content\/uploads\/2023\/04\/Page-principal-produits-frais-1024x485.jpg 1024w, https:\/\/epicerievernazza.fr\/wp-content\/uploads\/2023\/04\/Page-principal-produits-frais-768x363.jpg 768w, https:\/\/epicerievernazza.fr\/wp-content\/uploads\/2023\/04\/Page-principal-produits-frais-1536x727.jpg 1536w, https:\/\/epicerievernazza.fr\/wp-content\/uploads\/2023\/04\/Page-principal-produits-frais-2048x969.jpg 2048w\" sizes=\"(max-width: 2560px) 100vw, 2560px\" \/><\/li>\n                <li style=\"display: none; width: 100%;\" class=\"slide-1791 ms-image \" aria-roledescription=\"slide\" data-date=\"2023-04-01 21:37:20\" data-filename=\"photos-fromages-1-scaled.jpg\" data-slide-type=\"image\"><img loading=\"lazy\" decoding=\"async\" width=\"2560\" height=\"1211\" src=\"https:\/\/epicerievernazza.fr\/wp-content\/uploads\/2023\/04\/photos-fromages-1-scaled.jpg\" class=\"slider-1787 slide-1791 msDefaultImage\" alt=\"\" rel=\"\" title=\"photos fromages (1)\" style=\"margin: 0 auto; width: 98.651252408478%\" srcset=\"https:\/\/epicerievernazza.fr\/wp-content\/uploads\/2023\/04\/photos-fromages-1-scaled.jpg 2560w, https:\/\/epicerievernazza.fr\/wp-content\/uploads\/2023\/04\/photos-fromages-1-300x142.jpg 300w, https:\/\/epicerievernazza.fr\/wp-content\/uploads\/2023\/04\/photos-fromages-1-1024x485.jpg 1024w, https:\/\/epicerievernazza.fr\/wp-content\/uploads\/2023\/04\/photos-fromages-1-768x363.jpg 768w, https:\/\/epicerievernazza.fr\/wp-content\/uploads\/2023\/04\/photos-fromages-1-1536x727.jpg 1536w, https:\/\/epicerievernazza.fr\/wp-content\/uploads\/2023\/04\/photos-fromages-1-2048x969.jpg 2048w\" sizes=\"(max-width: 2560px) 100vw, 2560px\" \/><\/li>\n                <li style=\"display: none; width: 100%;\" class=\"slide-1794 ms-image \" aria-roledescription=\"slide\" data-date=\"2023-04-01 21:37:50\" data-filename=\"Pour-presentation-produits-frais-scaled.jpg\" data-slide-type=\"image\"><img loading=\"lazy\" decoding=\"async\" width=\"2560\" height=\"1518\" src=\"https:\/\/epicerievernazza.fr\/wp-content\/uploads\/2023\/04\/Pour-presentation-produits-frais-scaled.jpg\" class=\"slider-1787 slide-1794 msDefaultImage\" alt=\"\" rel=\"\" title=\"Pour pr\u00e9sentation produits frais\" style=\"margin: 0 auto; width: 78.700043917435%\" srcset=\"https:\/\/epicerievernazza.fr\/wp-content\/uploads\/2023\/04\/Pour-presentation-produits-frais-scaled.jpg 2560w, https:\/\/epicerievernazza.fr\/wp-content\/uploads\/2023\/04\/Pour-presentation-produits-frais-300x178.jpg 300w, https:\/\/epicerievernazza.fr\/wp-content\/uploads\/2023\/04\/Pour-presentation-produits-frais-1024x607.jpg 1024w, https:\/\/epicerievernazza.fr\/wp-content\/uploads\/2023\/04\/Pour-presentation-produits-frais-768x455.jpg 768w, https:\/\/epicerievernazza.fr\/wp-content\/uploads\/2023\/04\/Pour-presentation-produits-frais-1536x911.jpg 1536w, https:\/\/epicerievernazza.fr\/wp-content\/uploads\/2023\/04\/Pour-presentation-produits-frais-2048x1215.jpg 2048w\" sizes=\"(max-width: 2560px) 100vw, 2560px\" \/><\/li>\n            <\/ul>\n        <\/div>\n        \n    <\/div>\n<\/div>\u00a0<\/span><\/p>\t\t\t\t\t\t\t\t<\/div>\n\t\t\t\t<\/div>\n\t\t\t\t\t<\/div>\n\t\t<\/div>\n\t\t\t\t\t<\/div>\n\t\t<\/section>\n\t\t\t\t<\/div>\n\t\t","protected":false},"excerpt":{"rendered":"<p>Nos produits frais Un large choix de charcuterie, fromages, antipastis vous sont propos\u00e9s en boutique chaque jour et selon les saisons. D\u00e9couvrez d\u00e8s maintenant cette s\u00e9lection sur notre site Vernazza. \u00a0<\/p>\n","protected":false},"author":1,"featured_media":0,"parent":0,"menu_order":0,"comment_status":"closed","ping_status":"closed","template":"","meta":{"footnotes":""},"class_list":["post-187","page","type-page","status-publish","hentry"],"yoast_head":"<!-- This site is optimized with the Yoast SEO plugin v26.8 - https:\/\/yoast.com\/product\/yoast-seo-wordpress\/ -->\n<title>Produits Frais - Epicerie Traiteur Italien Vernazza<\/title>\n<meta name=\"robots\" content=\"index, follow, max-snippet:-1, max-image-preview:large, max-video-preview:-1\" \/>\n<link rel=\"canonical\" href=\"https:\/\/epicerievernazza.fr\/?page_id=187\" \/>\n<meta property=\"og:locale\" content=\"en_US\" \/>\n<meta property=\"og:type\" content=\"article\" \/>\n<meta property=\"og:title\" content=\"Produits Frais - Epicerie Traiteur Italien Vernazza\" \/>\n<meta property=\"og:description\" content=\"Nos produits frais Un large choix de charcuterie, fromages, antipastis vous sont propos\u00e9s en boutique chaque jour et selon les saisons. D\u00e9couvrez d\u00e8s maintenant cette s\u00e9lection sur notre site Vernazza. \u00a0\" \/>\n<meta property=\"og:url\" content=\"https:\/\/epicerievernazza.fr\/?page_id=187\" \/>\n<meta property=\"og:site_name\" content=\"Epicerie Traiteur Italien Vernazza\" \/>\n<meta property=\"article:publisher\" content=\"https:\/\/www.facebook.com\/epicerievernazzalapaquelais\" \/>\n<meta property=\"article:modified_time\" content=\"2023-04-22T15:52:05+00:00\" \/>\n<meta name=\"twitter:card\" content=\"summary_large_image\" \/>\n<meta name=\"twitter:label1\" content=\"Est. reading time\" \/>\n\t<meta name=\"twitter:data1\" content=\"2 minutes\" \/>\n<script type=\"application\/ld+json\" class=\"yoast-schema-graph\">{\"@context\":\"https:\/\/schema.org\",\"@graph\":[{\"@type\":\"WebPage\",\"@id\":\"https:\/\/epicerievernazza.fr\/?page_id=187\",\"url\":\"https:\/\/epicerievernazza.fr\/?page_id=187\",\"name\":\"Produits Frais - Epicerie Traiteur Italien Vernazza\",\"isPartOf\":{\"@id\":\"https:\/\/epicerievernazza.fr\/#website\"},\"datePublished\":\"2023-03-16T18:35:42+00:00\",\"dateModified\":\"2023-04-22T15:52:05+00:00\",\"breadcrumb\":{\"@id\":\"https:\/\/epicerievernazza.fr\/?page_id=187#breadcrumb\"},\"inLanguage\":\"en-US\",\"potentialAction\":[{\"@type\":\"ReadAction\",\"target\":[\"https:\/\/epicerievernazza.fr\/?page_id=187\"]}]},{\"@type\":\"BreadcrumbList\",\"@id\":\"https:\/\/epicerievernazza.fr\/?page_id=187#breadcrumb\",\"itemListElement\":[{\"@type\":\"ListItem\",\"position\":1,\"name\":\"Accueil\",\"item\":\"https:\/\/epicerievernazza.fr\/\"},{\"@type\":\"ListItem\",\"position\":2,\"name\":\"Produits Frais\"}]},{\"@type\":\"WebSite\",\"@id\":\"https:\/\/epicerievernazza.fr\/#website\",\"url\":\"https:\/\/epicerievernazza.fr\/\",\"name\":\"Epicerie Traiteur Italien Vernazza\",\"description\":\"\",\"publisher\":{\"@id\":\"https:\/\/epicerievernazza.fr\/#organization\"},\"potentialAction\":[{\"@type\":\"SearchAction\",\"target\":{\"@type\":\"EntryPoint\",\"urlTemplate\":\"https:\/\/epicerievernazza.fr\/?s={search_term_string}\"},\"query-input\":{\"@type\":\"PropertyValueSpecification\",\"valueRequired\":true,\"valueName\":\"search_term_string\"}}],\"inLanguage\":\"en-US\"},{\"@type\":\"Organization\",\"@id\":\"https:\/\/epicerievernazza.fr\/#organization\",\"name\":\"Epicerie Traiteur Italien Vernazza\",\"url\":\"https:\/\/epicerievernazza.fr\/\",\"logo\":{\"@type\":\"ImageObject\",\"inLanguage\":\"en-US\",\"@id\":\"https:\/\/epicerievernazza.fr\/#\/schema\/logo\/image\/\",\"url\":\"https:\/\/epicerievernazza.fr\/wp-content\/uploads\/2023\/03\/Vernazza.png\",\"contentUrl\":\"https:\/\/epicerievernazza.fr\/wp-content\/uploads\/2023\/03\/Vernazza.png\",\"width\":652,\"height\":141,\"caption\":\"Epicerie Traiteur Italien Vernazza\"},\"image\":{\"@id\":\"https:\/\/epicerievernazza.fr\/#\/schema\/logo\/image\/\"},\"sameAs\":[\"https:\/\/www.facebook.com\/epicerievernazzalapaquelais\",\"https:\/\/www.instagram.com\/vernazza_la_paquelais\/\"]}]}<\/script>\n<!-- \/ Yoast SEO plugin. -->","yoast_head_json":{"title":"Produits Frais - Epicerie Traiteur Italien Vernazza","robots":{"index":"index","follow":"follow","max-snippet":"max-snippet:-1","max-image-preview":"max-image-preview:large","max-video-preview":"max-video-preview:-1"},"canonical":"https:\/\/epicerievernazza.fr\/?page_id=187","og_locale":"en_US","og_type":"article","og_title":"Produits Frais - Epicerie Traiteur Italien Vernazza","og_description":"Nos produits frais Un large choix de charcuterie, fromages, antipastis vous sont propos\u00e9s en boutique chaque jour et selon les saisons. D\u00e9couvrez d\u00e8s maintenant cette s\u00e9lection sur notre site Vernazza. \u00a0","og_url":"https:\/\/epicerievernazza.fr\/?page_id=187","og_site_name":"Epicerie Traiteur Italien Vernazza","article_publisher":"https:\/\/www.facebook.com\/epicerievernazzalapaquelais","article_modified_time":"2023-04-22T15:52:05+00:00","twitter_card":"summary_large_image","twitter_misc":{"Est. reading time":"2 minutes"},"schema":{"@context":"https:\/\/schema.org","@graph":[{"@type":"WebPage","@id":"https:\/\/epicerievernazza.fr\/?page_id=187","url":"https:\/\/epicerievernazza.fr\/?page_id=187","name":"Produits Frais - Epicerie Traiteur Italien Vernazza","isPartOf":{"@id":"https:\/\/epicerievernazza.fr\/#website"},"datePublished":"2023-03-16T18:35:42+00:00","dateModified":"2023-04-22T15:52:05+00:00","breadcrumb":{"@id":"https:\/\/epicerievernazza.fr\/?page_id=187#breadcrumb"},"inLanguage":"en-US","potentialAction":[{"@type":"ReadAction","target":["https:\/\/epicerievernazza.fr\/?page_id=187"]}]},{"@type":"BreadcrumbList","@id":"https:\/\/epicerievernazza.fr\/?page_id=187#breadcrumb","itemListElement":[{"@type":"ListItem","position":1,"name":"Accueil","item":"https:\/\/epicerievernazza.fr\/"},{"@type":"ListItem","position":2,"name":"Produits Frais"}]},{"@type":"WebSite","@id":"https:\/\/epicerievernazza.fr\/#website","url":"https:\/\/epicerievernazza.fr\/","name":"Epicerie Traiteur Italien Vernazza","description":"","publisher":{"@id":"https:\/\/epicerievernazza.fr\/#organization"},"potentialAction":[{"@type":"SearchAction","target":{"@type":"EntryPoint","urlTemplate":"https:\/\/epicerievernazza.fr\/?s={search_term_string}"},"query-input":{"@type":"PropertyValueSpecification","valueRequired":true,"valueName":"search_term_string"}}],"inLanguage":"en-US"},{"@type":"Organization","@id":"https:\/\/epicerievernazza.fr\/#organization","name":"Epicerie Traiteur Italien Vernazza","url":"https:\/\/epicerievernazza.fr\/","logo":{"@type":"ImageObject","inLanguage":"en-US","@id":"https:\/\/epicerievernazza.fr\/#\/schema\/logo\/image\/","url":"https:\/\/epicerievernazza.fr\/wp-content\/uploads\/2023\/03\/Vernazza.png","contentUrl":"https:\/\/epicerievernazza.fr\/wp-content\/uploads\/2023\/03\/Vernazza.png","width":652,"height":141,"caption":"Epicerie Traiteur Italien Vernazza"},"image":{"@id":"https:\/\/epicerievernazza.fr\/#\/schema\/logo\/image\/"},"sameAs":["https:\/\/www.facebook.com\/epicerievernazzalapaquelais","https:\/\/www.instagram.com\/vernazza_la_paquelais\/"]}]}},"_links":{"self":[{"href":"https:\/\/epicerievernazza.fr\/index.php?rest_route=\/wp\/v2\/pages\/187","targetHints":{"allow":["GET"]}}],"collection":[{"href":"https:\/\/epicerievernazza.fr\/index.php?rest_route=\/wp\/v2\/pages"}],"about":[{"href":"https:\/\/epicerievernazza.fr\/index.php?rest_route=\/wp\/v2\/types\/page"}],"author":[{"embeddable":true,"href":"https:\/\/epicerievernazza.fr\/index.php?rest_route=\/wp\/v2\/users\/1"}],"replies":[{"embeddable":true,"href":"https:\/\/epicerievernazza.fr\/index.php?rest_route=%2Fwp%2Fv2%2Fcomments&post=187"}],"version-history":[{"count":68,"href":"https:\/\/epicerievernazza.fr\/index.php?rest_route=\/wp\/v2\/pages\/187\/revisions"}],"predecessor-version":[{"id":3469,"href":"https:\/\/epicerievernazza.fr\/index.php?rest_route=\/wp\/v2\/pages\/187\/revisions\/3469"}],"wp:attachment":[{"href":"https:\/\/epicerievernazza.fr\/index.php?rest_route=%2Fwp%2Fv2%2Fmedia&parent=187"}],"curies":[{"name":"wp","href":"https:\/\/api.w.org\/{rel}","templated":true}]}}