{"id":1956,"date":"2023-04-02T14:40:43","date_gmt":"2023-04-02T12:40:43","guid":{"rendered":"https:\/\/epicerievernazza.fr\/?page_id=1956"},"modified":"2023-05-12T16:49:25","modified_gmt":"2023-05-12T14:49:25","slug":"roses","status":"publish","type":"page","link":"https:\/\/epicerievernazza.fr\/?page_id=1956","title":{"rendered":"Ros\u00e9s"},"content":{"rendered":"\t\t<div data-elementor-type=\"wp-page\" data-elementor-id=\"1956\" class=\"elementor elementor-1956\">\n\t\t\t\t\t\t<section class=\"elementor-section elementor-top-section elementor-element elementor-element-060c610 elementor-section-boxed elementor-section-height-default elementor-section-height-default\" data-id=\"060c610\" data-element_type=\"section\" data-e-type=\"section\">\n\t\t\t\t\t\t<div class=\"elementor-container elementor-column-gap-default\">\n\t\t\t\t\t<div class=\"elementor-column elementor-col-100 elementor-top-column elementor-element elementor-element-12a42a8\" data-id=\"12a42a8\" data-element_type=\"column\" data-e-type=\"column\">\n\t\t\t<div class=\"elementor-widget-wrap elementor-element-populated\">\n\t\t\t\t\t\t<div class=\"elementor-element elementor-element-35f94ea elementor-invisible elementor-widget elementor-widget-heading\" data-id=\"35f94ea\" data-element_type=\"widget\" data-e-type=\"widget\" data-settings=\"{&quot;_animation&quot;:&quot;fadeIn&quot;}\" data-widget_type=\"heading.default\">\n\t\t\t\t<div class=\"elementor-widget-container\">\n\t\t\t\t\t<h2 class=\"elementor-heading-title elementor-size-default\">Nos ros\u00e9s d'Italie<\/h2>\t\t\t\t<\/div>\n\t\t\t\t<\/div>\n\t\t\t\t\t<\/div>\n\t\t<\/div>\n\t\t\t\t\t<\/div>\n\t\t<\/section>\n\t\t\t\t<section class=\"elementor-section elementor-top-section elementor-element elementor-element-d235347 elementor-section-boxed elementor-section-height-default elementor-section-height-default\" data-id=\"d235347\" data-element_type=\"section\" data-e-type=\"section\">\n\t\t\t\t\t\t<div class=\"elementor-container elementor-column-gap-default\">\n\t\t\t\t\t<div class=\"elementor-column elementor-col-100 elementor-top-column elementor-element elementor-element-37bf8fa\" data-id=\"37bf8fa\" data-element_type=\"column\" data-e-type=\"column\">\n\t\t\t<div class=\"elementor-widget-wrap elementor-element-populated\">\n\t\t\t\t\t\t<div class=\"elementor-element elementor-element-157b2d5 elementor-widget elementor-widget-spacer\" data-id=\"157b2d5\" data-element_type=\"widget\" data-e-type=\"widget\" data-widget_type=\"spacer.default\">\n\t\t\t\t<div class=\"elementor-widget-container\">\n\t\t\t\t\t\t\t<div class=\"elementor-spacer\">\n\t\t\t<div class=\"elementor-spacer-inner\"><\/div>\n\t\t<\/div>\n\t\t\t\t\t\t<\/div>\n\t\t\t\t<\/div>\n\t\t\t\t\t<\/div>\n\t\t<\/div>\n\t\t\t\t\t<\/div>\n\t\t<\/section>\n\t\t\t\t<section class=\"elementor-section elementor-top-section elementor-element elementor-element-dc1ddb4 elementor-section-boxed elementor-section-height-default elementor-section-height-default\" data-id=\"dc1ddb4\" data-element_type=\"section\" data-e-type=\"section\">\n\t\t\t\t\t\t<div class=\"elementor-container elementor-column-gap-default\">\n\t\t\t\t\t<div class=\"elementor-column elementor-col-100 elementor-top-column elementor-element elementor-element-4d714b0\" data-id=\"4d714b0\" data-element_type=\"column\" data-e-type=\"column\">\n\t\t\t<div class=\"elementor-widget-wrap elementor-element-populated\">\n\t\t\t\t\t\t<div class=\"elementor-element elementor-element-64d8e3c elementor-invisible elementor-widget elementor-widget-text-editor\" data-id=\"64d8e3c\" data-element_type=\"widget\" data-e-type=\"widget\" data-settings=\"{&quot;_animation&quot;:&quot;fadeIn&quot;}\" data-widget_type=\"text-editor.default\">\n\t\t\t\t<div class=\"elementor-widget-container\">\n\t\t\t\t\t\t\t\t\t<p style=\"text-align: center;\"><em><span style=\"color: #1d1d1b;\">Voici nos ros\u00e9s venus tout droit d\u2019Italie. Venez les d\u00e9couvrir dans notre boutique <span style=\"color: #9a2a1b;\"><strong><a style=\"color: #9a2a1b;\" href=\"https:\/\/epicerievernazza.fr\/\">Vernazza<\/a><\/strong>\u00a0<\/span>!<\/span><\/em><\/p>\t\t\t\t\t\t\t\t<\/div>\n\t\t\t\t<\/div>\n\t\t\t\t\t<\/div>\n\t\t<\/div>\n\t\t\t\t\t<\/div>\n\t\t<\/section>\n\t\t\t\t<section class=\"elementor-section elementor-top-section elementor-element elementor-element-fa33079 elementor-section-boxed elementor-section-height-default elementor-section-height-default\" data-id=\"fa33079\" data-element_type=\"section\" data-e-type=\"section\">\n\t\t\t\t\t\t<div class=\"elementor-container elementor-column-gap-default\">\n\t\t\t\t\t<div class=\"elementor-column elementor-col-100 elementor-top-column elementor-element elementor-element-573a44d\" data-id=\"573a44d\" data-element_type=\"column\" data-e-type=\"column\">\n\t\t\t<div class=\"elementor-widget-wrap elementor-element-populated\">\n\t\t\t\t\t\t<div class=\"elementor-element elementor-element-d060367 elementor-widget-divider--view-line_icon elementor-view-default elementor-widget-divider--element-align-center elementor-invisible elementor-widget elementor-widget-divider\" data-id=\"d060367\" data-element_type=\"widget\" data-e-type=\"widget\" data-settings=\"{&quot;_animation&quot;:&quot;fadeIn&quot;}\" data-widget_type=\"divider.default\">\n\t\t\t\t<div class=\"elementor-widget-container\">\n\t\t\t\t\t\t\t<div class=\"elementor-divider\">\n\t\t\t<span class=\"elementor-divider-separator\">\n\t\t\t\t\t\t\t<div class=\"elementor-icon elementor-divider__element\">\n\t\t\t\t\t<i aria-hidden=\"true\" class=\"fas fa-wine-glass-alt\"><\/i><\/div>\n\t\t\t\t\t\t<\/span>\n\t\t<\/div>\n\t\t\t\t\t\t<\/div>\n\t\t\t\t<\/div>\n\t\t\t\t\t<\/div>\n\t\t<\/div>\n\t\t\t\t\t<\/div>\n\t\t<\/section>\n\t\t\t\t<section class=\"elementor-section elementor-top-section elementor-element elementor-element-61e7576 elementor-section-boxed elementor-section-height-default elementor-section-height-default\" data-id=\"61e7576\" data-element_type=\"section\" data-e-type=\"section\">\n\t\t\t\t\t\t<div class=\"elementor-container elementor-column-gap-default\">\n\t\t\t\t\t<div class=\"elementor-column elementor-col-50 elementor-top-column elementor-element elementor-element-4a5654e\" data-id=\"4a5654e\" data-element_type=\"column\" data-e-type=\"column\">\n\t\t\t<div class=\"elementor-widget-wrap elementor-element-populated\">\n\t\t\t\t\t\t<div class=\"elementor-element elementor-element-2066f66 elementor-invisible elementor-widget elementor-widget-image\" data-id=\"2066f66\" data-element_type=\"widget\" data-e-type=\"widget\" data-settings=\"{&quot;_animation&quot;:&quot;fadeIn&quot;}\" data-widget_type=\"image.default\">\n\t\t\t\t<div class=\"elementor-widget-container\">\n\t\t\t\t\t\t\t\t\t\t\t\t\t\t\t<img fetchpriority=\"high\" decoding=\"async\" width=\"545\" height=\"1024\" src=\"https:\/\/epicerievernazza.fr\/wp-content\/uploads\/2023\/04\/924b35ff-764f-4891-bbcf-679dcde94e0b-545x1024.jpg\" class=\"attachment-large size-large wp-image-2268\" alt=\"\" srcset=\"https:\/\/epicerievernazza.fr\/wp-content\/uploads\/2023\/04\/924b35ff-764f-4891-bbcf-679dcde94e0b-545x1024.jpg 545w, https:\/\/epicerievernazza.fr\/wp-content\/uploads\/2023\/04\/924b35ff-764f-4891-bbcf-679dcde94e0b-160x300.jpg 160w, https:\/\/epicerievernazza.fr\/wp-content\/uploads\/2023\/04\/924b35ff-764f-4891-bbcf-679dcde94e0b-768x1442.jpg 768w, https:\/\/epicerievernazza.fr\/wp-content\/uploads\/2023\/04\/924b35ff-764f-4891-bbcf-679dcde94e0b-818x1536.jpg 818w, https:\/\/epicerievernazza.fr\/wp-content\/uploads\/2023\/04\/924b35ff-764f-4891-bbcf-679dcde94e0b.jpg 854w\" sizes=\"(max-width: 545px) 100vw, 545px\" \/>\t\t\t\t\t\t\t\t\t\t\t\t\t\t\t<\/div>\n\t\t\t\t<\/div>\n\t\t\t\t<div class=\"elementor-element elementor-element-7f566fa elementor-invisible elementor-widget elementor-widget-text-editor\" data-id=\"7f566fa\" data-element_type=\"widget\" data-e-type=\"widget\" data-settings=\"{&quot;_animation&quot;:&quot;fadeIn&quot;}\" data-widget_type=\"text-editor.default\">\n\t\t\t\t<div class=\"elementor-widget-container\">\n\t\t\t\t\t\t\t\t\t<h4 style=\"text-align: center;\"><span style=\"color: #de6342;\"><em><strong>Bardolino Ros\u00e9\u00a0\u00a0<\/strong><\/em><\/span><\/h4><p><span style=\"color: #1d1d1b;\"><span style=\"text-decoration: underline;\">R\u00e9gion :<\/span> Lombardie, Lac de Garde<\/span><\/p><p><span style=\"color: #1d1d1b;\"><span style=\"text-decoration: underline;\"> C\u00e9page :<\/span> Corvina Veronese<\/span><\/p><p><span style=\"color: #1d1d1b;\"><span style=\"text-decoration: underline;\">Description :<\/span> C\u2019est le ros\u00e9 d\u2019\u00e9t\u00e9 par excellence. Ar\u00f4me d\u00e9licat, rafra\u00eechissant, il procure un subtil plaisir en bouche avec son style jeune et moderne.<\/span><\/p><p><span style=\"color: #1d1d1b;\"><span style=\"text-decoration: underline;\"> Alcool :<\/span> 12% vol.<\/span><\/p>\t\t\t\t\t\t\t\t<\/div>\n\t\t\t\t<\/div>\n\t\t\t\t\t<\/div>\n\t\t<\/div>\n\t\t\t\t<div class=\"elementor-column elementor-col-50 elementor-top-column elementor-element elementor-element-0b99774\" data-id=\"0b99774\" data-element_type=\"column\" data-e-type=\"column\">\n\t\t\t<div class=\"elementor-widget-wrap elementor-element-populated\">\n\t\t\t\t\t\t<div class=\"elementor-element elementor-element-2715c72 elementor-invisible elementor-widget elementor-widget-image\" data-id=\"2715c72\" data-element_type=\"widget\" data-e-type=\"widget\" data-settings=\"{&quot;_animation&quot;:&quot;fadeIn&quot;}\" data-widget_type=\"image.default\">\n\t\t\t\t<div class=\"elementor-widget-container\">\n\t\t\t\t\t\t\t\t\t\t\t\t\t\t\t<img decoding=\"async\" width=\"530\" height=\"1024\" src=\"https:\/\/epicerievernazza.fr\/wp-content\/uploads\/2023\/04\/ba2b586a-13a7-46b0-8b09-36a2ee3cdaa2-530x1024.jpg\" class=\"attachment-large size-large wp-image-2320\" alt=\"\" srcset=\"https:\/\/epicerievernazza.fr\/wp-content\/uploads\/2023\/04\/ba2b586a-13a7-46b0-8b09-36a2ee3cdaa2-530x1024.jpg 530w, https:\/\/epicerievernazza.fr\/wp-content\/uploads\/2023\/04\/ba2b586a-13a7-46b0-8b09-36a2ee3cdaa2-155x300.jpg 155w, https:\/\/epicerievernazza.fr\/wp-content\/uploads\/2023\/04\/ba2b586a-13a7-46b0-8b09-36a2ee3cdaa2-768x1484.jpg 768w, https:\/\/epicerievernazza.fr\/wp-content\/uploads\/2023\/04\/ba2b586a-13a7-46b0-8b09-36a2ee3cdaa2-795x1536.jpg 795w, https:\/\/epicerievernazza.fr\/wp-content\/uploads\/2023\/04\/ba2b586a-13a7-46b0-8b09-36a2ee3cdaa2.jpg 855w\" sizes=\"(max-width: 530px) 100vw, 530px\" \/>\t\t\t\t\t\t\t\t\t\t\t\t\t\t\t<\/div>\n\t\t\t\t<\/div>\n\t\t\t\t<div class=\"elementor-element elementor-element-540cb21 elementor-invisible elementor-widget elementor-widget-text-editor\" data-id=\"540cb21\" data-element_type=\"widget\" data-e-type=\"widget\" data-settings=\"{&quot;_animation&quot;:&quot;fadeIn&quot;}\" data-widget_type=\"text-editor.default\">\n\t\t\t\t<div class=\"elementor-widget-container\">\n\t\t\t\t\t\t\t\t\t<h4 style=\"text-align: center;\"><span style=\"color: #de6342;\"><em><strong>Venti Di San Donaci IGP<\/strong><\/em><\/span><\/h4><p><span style=\"color: #1d1d1b;\"><span style=\"text-decoration: underline;\">R\u00e9gion :<\/span> Pouilles<\/span><\/p><p><span style=\"color: #1d1d1b;\"><span style=\"text-decoration: underline;\">C\u00e9page :<\/span> Negroamaro et Primitivo<\/span><\/p><p><span style=\"color: #1d1d1b;\"><span style=\"text-decoration: underline;\">Description :<\/span> Bouquet prononc\u00e9 de fleurs et de fruits rouges (cerise et framboise). Go\u00fbt rond et harmonieux, acidit\u00e9 bien \u00e9quilibr\u00e9e.<\/span><\/p><p><span style=\"color: #1d1d1b;\"><span style=\"text-decoration: underline;\">Alcool :<\/span> 12,5%\u00a0 vol.<\/span><\/p>\t\t\t\t\t\t\t\t<\/div>\n\t\t\t\t<\/div>\n\t\t\t\t\t<\/div>\n\t\t<\/div>\n\t\t\t\t\t<\/div>\n\t\t<\/section>\n\t\t\t\t<\/div>\n\t\t","protected":false},"excerpt":{"rendered":"<p>Nos ros\u00e9s d\u2019Italie Voici nos ros\u00e9s venus tout droit d\u2019Italie. Venez les d\u00e9couvrir dans notre boutique Vernazza\u00a0! Bardolino Ros\u00e9\u00a0\u00a0 R\u00e9gion : Lombardie, Lac de Garde C\u00e9page : Corvina Veronese Description : C\u2019est le ros\u00e9 d\u2019\u00e9t\u00e9 par excellence. Ar\u00f4me d\u00e9licat, rafra\u00eechissant, il procure un subtil plaisir en bouche avec son style jeune et moderne. Alcool :<\/p><\/div>\n<div class=\"blog-btn\"><a href=\"https:\/\/epicerievernazza.fr\/?page_id=1956\" class=\"home-blog-btn\">Read More<\/a><\/p>\n","protected":false},"author":1,"featured_media":0,"parent":0,"menu_order":0,"comment_status":"closed","ping_status":"closed","template":"","meta":{"footnotes":""},"class_list":["post-1956","page","type-page","status-publish","hentry"],"yoast_head":"<!-- This site is optimized with the Yoast SEO plugin v26.8 - https:\/\/yoast.com\/product\/yoast-seo-wordpress\/ -->\n<title>Ros\u00e9s - Epicerie Traiteur Italien Vernazza<\/title>\n<meta name=\"robots\" content=\"index, follow, max-snippet:-1, max-image-preview:large, max-video-preview:-1\" \/>\n<link rel=\"canonical\" href=\"https:\/\/epicerievernazza.fr\/?page_id=1956\" \/>\n<meta property=\"og:locale\" content=\"en_US\" \/>\n<meta property=\"og:type\" content=\"article\" \/>\n<meta property=\"og:title\" content=\"Ros\u00e9s - Epicerie Traiteur Italien Vernazza\" \/>\n<meta property=\"og:description\" content=\"Nos ros\u00e9s d\u2019Italie Voici nos ros\u00e9s venus tout droit d\u2019Italie. Venez les d\u00e9couvrir dans notre boutique Vernazza\u00a0! Bardolino Ros\u00e9\u00a0\u00a0 R\u00e9gion : Lombardie, Lac de Garde C\u00e9page : Corvina Veronese Description : C\u2019est le ros\u00e9 d\u2019\u00e9t\u00e9 par excellence. Ar\u00f4me d\u00e9licat, rafra\u00eechissant, il procure un subtil plaisir en bouche avec son style jeune et moderne. Alcool :Read More\" \/>\n<meta property=\"og:url\" content=\"https:\/\/epicerievernazza.fr\/?page_id=1956\" \/>\n<meta property=\"og:site_name\" content=\"Epicerie Traiteur Italien Vernazza\" \/>\n<meta property=\"article:publisher\" content=\"https:\/\/www.facebook.com\/epicerievernazzalapaquelais\" \/>\n<meta property=\"article:modified_time\" content=\"2023-05-12T14:49:25+00:00\" \/>\n<meta property=\"og:image\" content=\"http:\/\/epicerievernazza.fr\/wp-content\/uploads\/2023\/04\/924b35ff-764f-4891-bbcf-679dcde94e0b-545x1024.jpg\" \/>\n<meta name=\"twitter:card\" content=\"summary_large_image\" \/>\n<meta name=\"twitter:label1\" content=\"Est. reading time\" \/>\n\t<meta name=\"twitter:data1\" content=\"1 minute\" \/>\n<script type=\"application\/ld+json\" class=\"yoast-schema-graph\">{\"@context\":\"https:\/\/schema.org\",\"@graph\":[{\"@type\":\"WebPage\",\"@id\":\"https:\/\/epicerievernazza.fr\/?page_id=1956\",\"url\":\"https:\/\/epicerievernazza.fr\/?page_id=1956\",\"name\":\"Ros\u00e9s - Epicerie Traiteur Italien Vernazza\",\"isPartOf\":{\"@id\":\"https:\/\/epicerievernazza.fr\/#website\"},\"primaryImageOfPage\":{\"@id\":\"https:\/\/epicerievernazza.fr\/?page_id=1956#primaryimage\"},\"image\":{\"@id\":\"https:\/\/epicerievernazza.fr\/?page_id=1956#primaryimage\"},\"thumbnailUrl\":\"http:\/\/epicerievernazza.fr\/wp-content\/uploads\/2023\/04\/924b35ff-764f-4891-bbcf-679dcde94e0b-545x1024.jpg\",\"datePublished\":\"2023-04-02T12:40:43+00:00\",\"dateModified\":\"2023-05-12T14:49:25+00:00\",\"breadcrumb\":{\"@id\":\"https:\/\/epicerievernazza.fr\/?page_id=1956#breadcrumb\"},\"inLanguage\":\"en-US\",\"potentialAction\":[{\"@type\":\"ReadAction\",\"target\":[\"https:\/\/epicerievernazza.fr\/?page_id=1956\"]}]},{\"@type\":\"ImageObject\",\"inLanguage\":\"en-US\",\"@id\":\"https:\/\/epicerievernazza.fr\/?page_id=1956#primaryimage\",\"url\":\"http:\/\/epicerievernazza.fr\/wp-content\/uploads\/2023\/04\/924b35ff-764f-4891-bbcf-679dcde94e0b-545x1024.jpg\",\"contentUrl\":\"http:\/\/epicerievernazza.fr\/wp-content\/uploads\/2023\/04\/924b35ff-764f-4891-bbcf-679dcde94e0b-545x1024.jpg\"},{\"@type\":\"BreadcrumbList\",\"@id\":\"https:\/\/epicerievernazza.fr\/?page_id=1956#breadcrumb\",\"itemListElement\":[{\"@type\":\"ListItem\",\"position\":1,\"name\":\"Accueil\",\"item\":\"https:\/\/epicerievernazza.fr\/\"},{\"@type\":\"ListItem\",\"position\":2,\"name\":\"Ros\u00e9s\"}]},{\"@type\":\"WebSite\",\"@id\":\"https:\/\/epicerievernazza.fr\/#website\",\"url\":\"https:\/\/epicerievernazza.fr\/\",\"name\":\"Epicerie Traiteur Italien Vernazza\",\"description\":\"\",\"publisher\":{\"@id\":\"https:\/\/epicerievernazza.fr\/#organization\"},\"potentialAction\":[{\"@type\":\"SearchAction\",\"target\":{\"@type\":\"EntryPoint\",\"urlTemplate\":\"https:\/\/epicerievernazza.fr\/?s={search_term_string}\"},\"query-input\":{\"@type\":\"PropertyValueSpecification\",\"valueRequired\":true,\"valueName\":\"search_term_string\"}}],\"inLanguage\":\"en-US\"},{\"@type\":\"Organization\",\"@id\":\"https:\/\/epicerievernazza.fr\/#organization\",\"name\":\"Epicerie Traiteur Italien Vernazza\",\"url\":\"https:\/\/epicerievernazza.fr\/\",\"logo\":{\"@type\":\"ImageObject\",\"inLanguage\":\"en-US\",\"@id\":\"https:\/\/epicerievernazza.fr\/#\/schema\/logo\/image\/\",\"url\":\"https:\/\/epicerievernazza.fr\/wp-content\/uploads\/2023\/03\/Vernazza.png\",\"contentUrl\":\"https:\/\/epicerievernazza.fr\/wp-content\/uploads\/2023\/03\/Vernazza.png\",\"width\":652,\"height\":141,\"caption\":\"Epicerie Traiteur Italien Vernazza\"},\"image\":{\"@id\":\"https:\/\/epicerievernazza.fr\/#\/schema\/logo\/image\/\"},\"sameAs\":[\"https:\/\/www.facebook.com\/epicerievernazzalapaquelais\",\"https:\/\/www.instagram.com\/vernazza_la_paquelais\/\"]}]}<\/script>\n<!-- \/ Yoast SEO plugin. -->","yoast_head_json":{"title":"Ros\u00e9s - Epicerie Traiteur Italien Vernazza","robots":{"index":"index","follow":"follow","max-snippet":"max-snippet:-1","max-image-preview":"max-image-preview:large","max-video-preview":"max-video-preview:-1"},"canonical":"https:\/\/epicerievernazza.fr\/?page_id=1956","og_locale":"en_US","og_type":"article","og_title":"Ros\u00e9s - Epicerie Traiteur Italien Vernazza","og_description":"Nos ros\u00e9s d\u2019Italie Voici nos ros\u00e9s venus tout droit d\u2019Italie. Venez les d\u00e9couvrir dans notre boutique Vernazza\u00a0! Bardolino Ros\u00e9\u00a0\u00a0 R\u00e9gion : Lombardie, Lac de Garde C\u00e9page : Corvina Veronese Description : C\u2019est le ros\u00e9 d\u2019\u00e9t\u00e9 par excellence. Ar\u00f4me d\u00e9licat, rafra\u00eechissant, il procure un subtil plaisir en bouche avec son style jeune et moderne. Alcool :Read More","og_url":"https:\/\/epicerievernazza.fr\/?page_id=1956","og_site_name":"Epicerie Traiteur Italien Vernazza","article_publisher":"https:\/\/www.facebook.com\/epicerievernazzalapaquelais","article_modified_time":"2023-05-12T14:49:25+00:00","og_image":[{"url":"http:\/\/epicerievernazza.fr\/wp-content\/uploads\/2023\/04\/924b35ff-764f-4891-bbcf-679dcde94e0b-545x1024.jpg","type":"","width":"","height":""}],"twitter_card":"summary_large_image","twitter_misc":{"Est. reading time":"1 minute"},"schema":{"@context":"https:\/\/schema.org","@graph":[{"@type":"WebPage","@id":"https:\/\/epicerievernazza.fr\/?page_id=1956","url":"https:\/\/epicerievernazza.fr\/?page_id=1956","name":"Ros\u00e9s - Epicerie Traiteur Italien Vernazza","isPartOf":{"@id":"https:\/\/epicerievernazza.fr\/#website"},"primaryImageOfPage":{"@id":"https:\/\/epicerievernazza.fr\/?page_id=1956#primaryimage"},"image":{"@id":"https:\/\/epicerievernazza.fr\/?page_id=1956#primaryimage"},"thumbnailUrl":"http:\/\/epicerievernazza.fr\/wp-content\/uploads\/2023\/04\/924b35ff-764f-4891-bbcf-679dcde94e0b-545x1024.jpg","datePublished":"2023-04-02T12:40:43+00:00","dateModified":"2023-05-12T14:49:25+00:00","breadcrumb":{"@id":"https:\/\/epicerievernazza.fr\/?page_id=1956#breadcrumb"},"inLanguage":"en-US","potentialAction":[{"@type":"ReadAction","target":["https:\/\/epicerievernazza.fr\/?page_id=1956"]}]},{"@type":"ImageObject","inLanguage":"en-US","@id":"https:\/\/epicerievernazza.fr\/?page_id=1956#primaryimage","url":"http:\/\/epicerievernazza.fr\/wp-content\/uploads\/2023\/04\/924b35ff-764f-4891-bbcf-679dcde94e0b-545x1024.jpg","contentUrl":"http:\/\/epicerievernazza.fr\/wp-content\/uploads\/2023\/04\/924b35ff-764f-4891-bbcf-679dcde94e0b-545x1024.jpg"},{"@type":"BreadcrumbList","@id":"https:\/\/epicerievernazza.fr\/?page_id=1956#breadcrumb","itemListElement":[{"@type":"ListItem","position":1,"name":"Accueil","item":"https:\/\/epicerievernazza.fr\/"},{"@type":"ListItem","position":2,"name":"Ros\u00e9s"}]},{"@type":"WebSite","@id":"https:\/\/epicerievernazza.fr\/#website","url":"https:\/\/epicerievernazza.fr\/","name":"Epicerie Traiteur Italien Vernazza","description":"","publisher":{"@id":"https:\/\/epicerievernazza.fr\/#organization"},"potentialAction":[{"@type":"SearchAction","target":{"@type":"EntryPoint","urlTemplate":"https:\/\/epicerievernazza.fr\/?s={search_term_string}"},"query-input":{"@type":"PropertyValueSpecification","valueRequired":true,"valueName":"search_term_string"}}],"inLanguage":"en-US"},{"@type":"Organization","@id":"https:\/\/epicerievernazza.fr\/#organization","name":"Epicerie Traiteur Italien Vernazza","url":"https:\/\/epicerievernazza.fr\/","logo":{"@type":"ImageObject","inLanguage":"en-US","@id":"https:\/\/epicerievernazza.fr\/#\/schema\/logo\/image\/","url":"https:\/\/epicerievernazza.fr\/wp-content\/uploads\/2023\/03\/Vernazza.png","contentUrl":"https:\/\/epicerievernazza.fr\/wp-content\/uploads\/2023\/03\/Vernazza.png","width":652,"height":141,"caption":"Epicerie Traiteur Italien Vernazza"},"image":{"@id":"https:\/\/epicerievernazza.fr\/#\/schema\/logo\/image\/"},"sameAs":["https:\/\/www.facebook.com\/epicerievernazzalapaquelais","https:\/\/www.instagram.com\/vernazza_la_paquelais\/"]}]}},"_links":{"self":[{"href":"https:\/\/epicerievernazza.fr\/index.php?rest_route=\/wp\/v2\/pages\/1956","targetHints":{"allow":["GET"]}}],"collection":[{"href":"https:\/\/epicerievernazza.fr\/index.php?rest_route=\/wp\/v2\/pages"}],"about":[{"href":"https:\/\/epicerievernazza.fr\/index.php?rest_route=\/wp\/v2\/types\/page"}],"author":[{"embeddable":true,"href":"https:\/\/epicerievernazza.fr\/index.php?rest_route=\/wp\/v2\/users\/1"}],"replies":[{"embeddable":true,"href":"https:\/\/epicerievernazza.fr\/index.php?rest_route=%2Fwp%2Fv2%2Fcomments&post=1956"}],"version-history":[{"count":70,"href":"https:\/\/epicerievernazza.fr\/index.php?rest_route=\/wp\/v2\/pages\/1956\/revisions"}],"predecessor-version":[{"id":4956,"href":"https:\/\/epicerievernazza.fr\/index.php?rest_route=\/wp\/v2\/pages\/1956\/revisions\/4956"}],"wp:attachment":[{"href":"https:\/\/epicerievernazza.fr\/index.php?rest_route=%2Fwp%2Fv2%2Fmedia&parent=1956"}],"curies":[{"name":"wp","href":"https:\/\/api.w.org\/{rel}","templated":true}]}}