{"id":249,"date":"2023-03-16T19:52:25","date_gmt":"2023-03-16T18:52:25","guid":{"rendered":"https:\/\/epicerievernazza.fr\/?page_id=249"},"modified":"2023-04-22T17:52:40","modified_gmt":"2023-04-22T15:52:40","slug":"cartes-des-prestations","status":"publish","type":"page","link":"https:\/\/epicerievernazza.fr\/?page_id=249","title":{"rendered":"Carte des Prestations"},"content":{"rendered":"\t\t<div data-elementor-type=\"wp-page\" data-elementor-id=\"249\" class=\"elementor elementor-249\">\n\t\t\t\t\t\t<section class=\"elementor-section elementor-top-section elementor-element elementor-element-2a6a2406 elementor-section-boxed elementor-section-height-default elementor-section-height-default\" data-id=\"2a6a2406\" data-element_type=\"section\" data-e-type=\"section\">\n\t\t\t\t\t\t<div class=\"elementor-container elementor-column-gap-default\">\n\t\t\t\t\t<div class=\"elementor-column elementor-col-100 elementor-top-column elementor-element elementor-element-5c4a682\" data-id=\"5c4a682\" data-element_type=\"column\" data-e-type=\"column\">\n\t\t\t<div class=\"elementor-widget-wrap elementor-element-populated\">\n\t\t\t\t\t\t<div class=\"elementor-element elementor-element-18d3050 elementor-invisible elementor-widget elementor-widget-heading\" data-id=\"18d3050\" data-element_type=\"widget\" data-e-type=\"widget\" data-settings=\"{&quot;_animation&quot;:&quot;fadeIn&quot;}\" data-widget_type=\"heading.default\">\n\t\t\t\t<div class=\"elementor-widget-container\">\n\t\t\t\t\t<h2 class=\"elementor-heading-title elementor-size-default\">Notre carte des prestations<\/h2>\t\t\t\t<\/div>\n\t\t\t\t<\/div>\n\t\t\t\t\t<\/div>\n\t\t<\/div>\n\t\t\t\t\t<\/div>\n\t\t<\/section>\n\t\t\t\t<section class=\"elementor-section elementor-top-section elementor-element elementor-element-a6b8ce3 elementor-section-boxed elementor-section-height-default elementor-section-height-default\" data-id=\"a6b8ce3\" data-element_type=\"section\" data-e-type=\"section\">\n\t\t\t\t\t\t<div class=\"elementor-container elementor-column-gap-default\">\n\t\t\t\t\t<div class=\"elementor-column elementor-col-100 elementor-top-column elementor-element elementor-element-5dec412\" data-id=\"5dec412\" data-element_type=\"column\" data-e-type=\"column\">\n\t\t\t<div class=\"elementor-widget-wrap elementor-element-populated\">\n\t\t\t\t\t\t<div class=\"elementor-element elementor-element-afa0c60 elementor-widget elementor-widget-spacer\" data-id=\"afa0c60\" data-element_type=\"widget\" data-e-type=\"widget\" data-widget_type=\"spacer.default\">\n\t\t\t\t<div class=\"elementor-widget-container\">\n\t\t\t\t\t\t\t<div class=\"elementor-spacer\">\n\t\t\t<div class=\"elementor-spacer-inner\"><\/div>\n\t\t<\/div>\n\t\t\t\t\t\t<\/div>\n\t\t\t\t<\/div>\n\t\t\t\t\t<\/div>\n\t\t<\/div>\n\t\t\t\t\t<\/div>\n\t\t<\/section>\n\t\t\t\t<section class=\"elementor-section elementor-top-section elementor-element elementor-element-7b16914 elementor-section-boxed elementor-section-height-default elementor-section-height-default\" data-id=\"7b16914\" data-element_type=\"section\" data-e-type=\"section\">\n\t\t\t\t\t\t<div class=\"elementor-container elementor-column-gap-default\">\n\t\t\t\t\t<div class=\"elementor-column elementor-col-100 elementor-top-column elementor-element elementor-element-9438b76\" data-id=\"9438b76\" data-element_type=\"column\" data-e-type=\"column\">\n\t\t\t<div class=\"elementor-widget-wrap elementor-element-populated\">\n\t\t\t\t\t\t<div class=\"elementor-element elementor-element-e1fdfe8 elementor-invisible elementor-widget elementor-widget-image\" data-id=\"e1fdfe8\" data-element_type=\"widget\" data-e-type=\"widget\" data-settings=\"{&quot;_animation&quot;:&quot;fadeIn&quot;}\" data-widget_type=\"image.default\">\n\t\t\t\t<div class=\"elementor-widget-container\">\n\t\t\t\t\t\t\t\t\t\t\t\t\t\t\t<img fetchpriority=\"high\" decoding=\"async\" width=\"696\" height=\"986\" src=\"https:\/\/epicerievernazza.fr\/wp-content\/uploads\/2023\/03\/Carte-des-prestations-723x1024.jpg\" class=\"attachment-large size-large wp-image-384\" alt=\"\" srcset=\"https:\/\/epicerievernazza.fr\/wp-content\/uploads\/2023\/03\/Carte-des-prestations-723x1024.jpg 723w, https:\/\/epicerievernazza.fr\/wp-content\/uploads\/2023\/03\/Carte-des-prestations-212x300.jpg 212w, https:\/\/epicerievernazza.fr\/wp-content\/uploads\/2023\/03\/Carte-des-prestations-768x1087.jpg 768w, https:\/\/epicerievernazza.fr\/wp-content\/uploads\/2023\/03\/Carte-des-prestations-1085x1536.jpg 1085w, https:\/\/epicerievernazza.fr\/wp-content\/uploads\/2023\/03\/Carte-des-prestations-1447x2048.jpg 1447w, https:\/\/epicerievernazza.fr\/wp-content\/uploads\/2023\/03\/Carte-des-prestations.jpg 1653w\" sizes=\"(max-width: 696px) 100vw, 696px\" \/>\t\t\t\t\t\t\t\t\t\t\t\t\t\t\t<\/div>\n\t\t\t\t<\/div>\n\t\t\t\t\t<\/div>\n\t\t<\/div>\n\t\t\t\t\t<\/div>\n\t\t<\/section>\n\t\t\t\t<section class=\"elementor-section elementor-top-section elementor-element elementor-element-deb7669 elementor-section-boxed elementor-section-height-default elementor-section-height-default\" data-id=\"deb7669\" data-element_type=\"section\" data-e-type=\"section\">\n\t\t\t\t\t\t<div class=\"elementor-container elementor-column-gap-default\">\n\t\t\t\t\t<div class=\"elementor-column elementor-col-100 elementor-top-column elementor-element elementor-element-1f9eac4\" data-id=\"1f9eac4\" data-element_type=\"column\" data-e-type=\"column\">\n\t\t\t<div class=\"elementor-widget-wrap elementor-element-populated\">\n\t\t\t\t\t\t<div class=\"elementor-element elementor-element-5b4861a elementor-widget elementor-widget-spacer\" data-id=\"5b4861a\" data-element_type=\"widget\" data-e-type=\"widget\" data-widget_type=\"spacer.default\">\n\t\t\t\t<div class=\"elementor-widget-container\">\n\t\t\t\t\t\t\t<div class=\"elementor-spacer\">\n\t\t\t<div class=\"elementor-spacer-inner\"><\/div>\n\t\t<\/div>\n\t\t\t\t\t\t<\/div>\n\t\t\t\t<\/div>\n\t\t\t\t\t<\/div>\n\t\t<\/div>\n\t\t\t\t\t<\/div>\n\t\t<\/section>\n\t\t\t\t<section class=\"elementor-section elementor-top-section elementor-element elementor-element-145acd7 elementor-section-boxed elementor-section-height-default elementor-section-height-default\" data-id=\"145acd7\" data-element_type=\"section\" data-e-type=\"section\">\n\t\t\t\t\t\t<div class=\"elementor-container elementor-column-gap-default\">\n\t\t\t\t\t<div class=\"elementor-column elementor-col-100 elementor-top-column elementor-element elementor-element-3dbb810\" data-id=\"3dbb810\" data-element_type=\"column\" data-e-type=\"column\">\n\t\t\t<div class=\"elementor-widget-wrap elementor-element-populated\">\n\t\t\t\t\t\t<div class=\"elementor-element elementor-element-6fe08e8 elementor-invisible elementor-widget elementor-widget-text-editor\" data-id=\"6fe08e8\" data-element_type=\"widget\" data-e-type=\"widget\" data-settings=\"{&quot;_animation&quot;:&quot;fadeIn&quot;}\" data-widget_type=\"text-editor.default\">\n\t\t\t\t<div class=\"elementor-widget-container\">\n\t\t\t\t\t\t\t\t\t<h4 style=\"text-align: center;\"><span style=\"color: #de6342;\">Infos pratiques<\/span><\/h4>\t\t\t\t\t\t\t\t<\/div>\n\t\t\t\t<\/div>\n\t\t\t\t\t<\/div>\n\t\t<\/div>\n\t\t\t\t\t<\/div>\n\t\t<\/section>\n\t\t\t\t<section class=\"elementor-section elementor-top-section elementor-element elementor-element-48c579f elementor-section-boxed elementor-section-height-default elementor-section-height-default\" data-id=\"48c579f\" data-element_type=\"section\" data-e-type=\"section\">\n\t\t\t\t\t\t<div class=\"elementor-container elementor-column-gap-default\">\n\t\t\t\t\t<div class=\"elementor-column elementor-col-100 elementor-top-column elementor-element elementor-element-adede11\" data-id=\"adede11\" data-element_type=\"column\" data-e-type=\"column\">\n\t\t\t<div class=\"elementor-widget-wrap elementor-element-populated\">\n\t\t\t\t\t\t<div class=\"elementor-element elementor-element-e35b44b elementor-widget-divider--view-line_icon elementor-view-default elementor-widget-divider--element-align-center elementor-invisible elementor-widget elementor-widget-divider\" data-id=\"e35b44b\" data-element_type=\"widget\" data-e-type=\"widget\" data-settings=\"{&quot;_animation&quot;:&quot;fadeIn&quot;}\" data-widget_type=\"divider.default\">\n\t\t\t\t<div class=\"elementor-widget-container\">\n\t\t\t\t\t\t\t<div class=\"elementor-divider\">\n\t\t\t<span class=\"elementor-divider-separator\">\n\t\t\t\t\t\t\t<div class=\"elementor-icon elementor-divider__element\">\n\t\t\t\t\t<i aria-hidden=\"true\" class=\"fas fa-utensils\"><\/i><\/div>\n\t\t\t\t\t\t<\/span>\n\t\t<\/div>\n\t\t\t\t\t\t<\/div>\n\t\t\t\t<\/div>\n\t\t\t\t\t<\/div>\n\t\t<\/div>\n\t\t\t\t\t<\/div>\n\t\t<\/section>\n\t\t\t\t<section class=\"elementor-section elementor-top-section elementor-element elementor-element-4ef26b9 elementor-section-boxed elementor-section-height-default elementor-section-height-default\" data-id=\"4ef26b9\" data-element_type=\"section\" data-e-type=\"section\">\n\t\t\t\t\t\t<div class=\"elementor-container elementor-column-gap-default\">\n\t\t\t\t\t<div class=\"elementor-column elementor-col-100 elementor-top-column elementor-element elementor-element-47af7b4\" data-id=\"47af7b4\" data-element_type=\"column\" data-e-type=\"column\">\n\t\t\t<div class=\"elementor-widget-wrap elementor-element-populated\">\n\t\t\t\t\t\t<div class=\"elementor-element elementor-element-b6ad87c elementor-widget elementor-widget-spacer\" data-id=\"b6ad87c\" data-element_type=\"widget\" data-e-type=\"widget\" data-widget_type=\"spacer.default\">\n\t\t\t\t<div class=\"elementor-widget-container\">\n\t\t\t\t\t\t\t<div class=\"elementor-spacer\">\n\t\t\t<div class=\"elementor-spacer-inner\"><\/div>\n\t\t<\/div>\n\t\t\t\t\t\t<\/div>\n\t\t\t\t<\/div>\n\t\t\t\t<div class=\"elementor-element elementor-element-d3be640 elementor-widget__width-initial elementor-invisible elementor-widget elementor-widget-text-editor\" data-id=\"d3be640\" data-element_type=\"widget\" data-e-type=\"widget\" data-settings=\"{&quot;_animation&quot;:&quot;fadeIn&quot;}\" data-widget_type=\"text-editor.default\">\n\t\t\t\t<div class=\"elementor-widget-container\">\n\t\t\t\t\t\t\t\t\t<p><span style=\"color: #1d1d1b;\">Les prestations se font sur commande <span style=\"text-decoration: underline;\"><strong>au moins 10 jours<\/strong><\/span>\u00a0avant la date de l\u2019\u00e9v\u00e8nement et sont \u00e0 r\u00e9ceptionner en boutique. Dans la continuit\u00e9 de notre d\u00e9marche \u00e9cologique, il vous sera demand\u00e9 de nous fournir <strong>vos r\u00e9cipients\/ plats<\/strong> au pr\u00e9alable.<\/span><\/p>\t\t\t\t\t\t\t\t<\/div>\n\t\t\t\t<\/div>\n\t\t\t\t\t<\/div>\n\t\t<\/div>\n\t\t\t\t\t<\/div>\n\t\t<\/section>\n\t\t\t\t<section class=\"elementor-section elementor-top-section elementor-element elementor-element-2fb7cc7 elementor-section-boxed elementor-section-height-default elementor-section-height-default\" data-id=\"2fb7cc7\" data-element_type=\"section\" data-e-type=\"section\">\n\t\t\t\t\t\t<div class=\"elementor-container elementor-column-gap-default\">\n\t\t\t\t\t<div class=\"elementor-column elementor-col-100 elementor-top-column elementor-element elementor-element-8b8c0c1\" data-id=\"8b8c0c1\" data-element_type=\"column\" data-e-type=\"column\">\n\t\t\t<div class=\"elementor-widget-wrap\">\n\t\t\t\t\t\t\t<\/div>\n\t\t<\/div>\n\t\t\t\t\t<\/div>\n\t\t<\/section>\n\t\t\t\t<\/div>\n\t\t","protected":false},"excerpt":{"rendered":"<p>Notre carte des prestations Infos pratiques Les prestations se font sur commande au moins 10 jours\u00a0avant la date de l\u2019\u00e9v\u00e8nement et sont \u00e0 r\u00e9ceptionner en boutique. Dans la continuit\u00e9 de notre d\u00e9marche \u00e9cologique, il vous sera demand\u00e9 de nous fournir vos r\u00e9cipients\/ plats au pr\u00e9alable.<\/p>\n","protected":false},"author":1,"featured_media":0,"parent":0,"menu_order":0,"comment_status":"closed","ping_status":"closed","template":"","meta":{"footnotes":""},"class_list":["post-249","page","type-page","status-publish","hentry"],"yoast_head":"<!-- This site is optimized with the Yoast SEO plugin v26.8 - https:\/\/yoast.com\/product\/yoast-seo-wordpress\/ -->\n<title>Carte des Prestations - Epicerie Traiteur Italien Vernazza<\/title>\n<meta name=\"robots\" content=\"index, follow, max-snippet:-1, max-image-preview:large, max-video-preview:-1\" \/>\n<link rel=\"canonical\" href=\"https:\/\/epicerievernazza.fr\/?page_id=249\" \/>\n<meta property=\"og:locale\" content=\"en_US\" \/>\n<meta property=\"og:type\" content=\"article\" \/>\n<meta property=\"og:title\" content=\"Carte des Prestations - Epicerie Traiteur Italien Vernazza\" \/>\n<meta property=\"og:description\" content=\"Notre carte des prestations Infos pratiques Les prestations se font sur commande au moins 10 jours\u00a0avant la date de l\u2019\u00e9v\u00e8nement et sont \u00e0 r\u00e9ceptionner en boutique. Dans la continuit\u00e9 de notre d\u00e9marche \u00e9cologique, il vous sera demand\u00e9 de nous fournir vos r\u00e9cipients\/ plats au pr\u00e9alable.\" \/>\n<meta property=\"og:url\" content=\"https:\/\/epicerievernazza.fr\/?page_id=249\" \/>\n<meta property=\"og:site_name\" content=\"Epicerie Traiteur Italien Vernazza\" \/>\n<meta property=\"article:publisher\" content=\"https:\/\/www.facebook.com\/epicerievernazzalapaquelais\" \/>\n<meta property=\"article:modified_time\" content=\"2023-04-22T15:52:40+00:00\" \/>\n<meta property=\"og:image\" content=\"http:\/\/epicerievernazza.fr\/wp-content\/uploads\/2023\/03\/Carte-des-prestations-723x1024.jpg\" \/>\n<meta name=\"twitter:card\" content=\"summary_large_image\" \/>\n<meta name=\"twitter:label1\" content=\"Est. reading time\" \/>\n\t<meta name=\"twitter:data1\" content=\"1 minute\" \/>\n<script type=\"application\/ld+json\" class=\"yoast-schema-graph\">{\"@context\":\"https:\/\/schema.org\",\"@graph\":[{\"@type\":\"WebPage\",\"@id\":\"https:\/\/epicerievernazza.fr\/?page_id=249\",\"url\":\"https:\/\/epicerievernazza.fr\/?page_id=249\",\"name\":\"Carte des Prestations - Epicerie Traiteur Italien Vernazza\",\"isPartOf\":{\"@id\":\"https:\/\/epicerievernazza.fr\/#website\"},\"primaryImageOfPage\":{\"@id\":\"https:\/\/epicerievernazza.fr\/?page_id=249#primaryimage\"},\"image\":{\"@id\":\"https:\/\/epicerievernazza.fr\/?page_id=249#primaryimage\"},\"thumbnailUrl\":\"http:\/\/epicerievernazza.fr\/wp-content\/uploads\/2023\/03\/Carte-des-prestations-723x1024.jpg\",\"datePublished\":\"2023-03-16T18:52:25+00:00\",\"dateModified\":\"2023-04-22T15:52:40+00:00\",\"breadcrumb\":{\"@id\":\"https:\/\/epicerievernazza.fr\/?page_id=249#breadcrumb\"},\"inLanguage\":\"en-US\",\"potentialAction\":[{\"@type\":\"ReadAction\",\"target\":[\"https:\/\/epicerievernazza.fr\/?page_id=249\"]}]},{\"@type\":\"ImageObject\",\"inLanguage\":\"en-US\",\"@id\":\"https:\/\/epicerievernazza.fr\/?page_id=249#primaryimage\",\"url\":\"http:\/\/epicerievernazza.fr\/wp-content\/uploads\/2023\/03\/Carte-des-prestations-723x1024.jpg\",\"contentUrl\":\"http:\/\/epicerievernazza.fr\/wp-content\/uploads\/2023\/03\/Carte-des-prestations-723x1024.jpg\"},{\"@type\":\"BreadcrumbList\",\"@id\":\"https:\/\/epicerievernazza.fr\/?page_id=249#breadcrumb\",\"itemListElement\":[{\"@type\":\"ListItem\",\"position\":1,\"name\":\"Accueil\",\"item\":\"https:\/\/epicerievernazza.fr\/\"},{\"@type\":\"ListItem\",\"position\":2,\"name\":\"Carte des Prestations\"}]},{\"@type\":\"WebSite\",\"@id\":\"https:\/\/epicerievernazza.fr\/#website\",\"url\":\"https:\/\/epicerievernazza.fr\/\",\"name\":\"Epicerie Traiteur Italien Vernazza\",\"description\":\"\",\"publisher\":{\"@id\":\"https:\/\/epicerievernazza.fr\/#organization\"},\"potentialAction\":[{\"@type\":\"SearchAction\",\"target\":{\"@type\":\"EntryPoint\",\"urlTemplate\":\"https:\/\/epicerievernazza.fr\/?s={search_term_string}\"},\"query-input\":{\"@type\":\"PropertyValueSpecification\",\"valueRequired\":true,\"valueName\":\"search_term_string\"}}],\"inLanguage\":\"en-US\"},{\"@type\":\"Organization\",\"@id\":\"https:\/\/epicerievernazza.fr\/#organization\",\"name\":\"Epicerie Traiteur Italien Vernazza\",\"url\":\"https:\/\/epicerievernazza.fr\/\",\"logo\":{\"@type\":\"ImageObject\",\"inLanguage\":\"en-US\",\"@id\":\"https:\/\/epicerievernazza.fr\/#\/schema\/logo\/image\/\",\"url\":\"https:\/\/epicerievernazza.fr\/wp-content\/uploads\/2023\/03\/Vernazza.png\",\"contentUrl\":\"https:\/\/epicerievernazza.fr\/wp-content\/uploads\/2023\/03\/Vernazza.png\",\"width\":652,\"height\":141,\"caption\":\"Epicerie Traiteur Italien Vernazza\"},\"image\":{\"@id\":\"https:\/\/epicerievernazza.fr\/#\/schema\/logo\/image\/\"},\"sameAs\":[\"https:\/\/www.facebook.com\/epicerievernazzalapaquelais\",\"https:\/\/www.instagram.com\/vernazza_la_paquelais\/\"]}]}<\/script>\n<!-- \/ Yoast SEO plugin. -->","yoast_head_json":{"title":"Carte des Prestations - Epicerie Traiteur Italien Vernazza","robots":{"index":"index","follow":"follow","max-snippet":"max-snippet:-1","max-image-preview":"max-image-preview:large","max-video-preview":"max-video-preview:-1"},"canonical":"https:\/\/epicerievernazza.fr\/?page_id=249","og_locale":"en_US","og_type":"article","og_title":"Carte des Prestations - Epicerie Traiteur Italien Vernazza","og_description":"Notre carte des prestations Infos pratiques Les prestations se font sur commande au moins 10 jours\u00a0avant la date de l\u2019\u00e9v\u00e8nement et sont \u00e0 r\u00e9ceptionner en boutique. Dans la continuit\u00e9 de notre d\u00e9marche \u00e9cologique, il vous sera demand\u00e9 de nous fournir vos r\u00e9cipients\/ plats au pr\u00e9alable.","og_url":"https:\/\/epicerievernazza.fr\/?page_id=249","og_site_name":"Epicerie Traiteur Italien Vernazza","article_publisher":"https:\/\/www.facebook.com\/epicerievernazzalapaquelais","article_modified_time":"2023-04-22T15:52:40+00:00","og_image":[{"url":"http:\/\/epicerievernazza.fr\/wp-content\/uploads\/2023\/03\/Carte-des-prestations-723x1024.jpg","type":"","width":"","height":""}],"twitter_card":"summary_large_image","twitter_misc":{"Est. reading time":"1 minute"},"schema":{"@context":"https:\/\/schema.org","@graph":[{"@type":"WebPage","@id":"https:\/\/epicerievernazza.fr\/?page_id=249","url":"https:\/\/epicerievernazza.fr\/?page_id=249","name":"Carte des Prestations - Epicerie Traiteur Italien Vernazza","isPartOf":{"@id":"https:\/\/epicerievernazza.fr\/#website"},"primaryImageOfPage":{"@id":"https:\/\/epicerievernazza.fr\/?page_id=249#primaryimage"},"image":{"@id":"https:\/\/epicerievernazza.fr\/?page_id=249#primaryimage"},"thumbnailUrl":"http:\/\/epicerievernazza.fr\/wp-content\/uploads\/2023\/03\/Carte-des-prestations-723x1024.jpg","datePublished":"2023-03-16T18:52:25+00:00","dateModified":"2023-04-22T15:52:40+00:00","breadcrumb":{"@id":"https:\/\/epicerievernazza.fr\/?page_id=249#breadcrumb"},"inLanguage":"en-US","potentialAction":[{"@type":"ReadAction","target":["https:\/\/epicerievernazza.fr\/?page_id=249"]}]},{"@type":"ImageObject","inLanguage":"en-US","@id":"https:\/\/epicerievernazza.fr\/?page_id=249#primaryimage","url":"http:\/\/epicerievernazza.fr\/wp-content\/uploads\/2023\/03\/Carte-des-prestations-723x1024.jpg","contentUrl":"http:\/\/epicerievernazza.fr\/wp-content\/uploads\/2023\/03\/Carte-des-prestations-723x1024.jpg"},{"@type":"BreadcrumbList","@id":"https:\/\/epicerievernazza.fr\/?page_id=249#breadcrumb","itemListElement":[{"@type":"ListItem","position":1,"name":"Accueil","item":"https:\/\/epicerievernazza.fr\/"},{"@type":"ListItem","position":2,"name":"Carte des Prestations"}]},{"@type":"WebSite","@id":"https:\/\/epicerievernazza.fr\/#website","url":"https:\/\/epicerievernazza.fr\/","name":"Epicerie Traiteur Italien Vernazza","description":"","publisher":{"@id":"https:\/\/epicerievernazza.fr\/#organization"},"potentialAction":[{"@type":"SearchAction","target":{"@type":"EntryPoint","urlTemplate":"https:\/\/epicerievernazza.fr\/?s={search_term_string}"},"query-input":{"@type":"PropertyValueSpecification","valueRequired":true,"valueName":"search_term_string"}}],"inLanguage":"en-US"},{"@type":"Organization","@id":"https:\/\/epicerievernazza.fr\/#organization","name":"Epicerie Traiteur Italien Vernazza","url":"https:\/\/epicerievernazza.fr\/","logo":{"@type":"ImageObject","inLanguage":"en-US","@id":"https:\/\/epicerievernazza.fr\/#\/schema\/logo\/image\/","url":"https:\/\/epicerievernazza.fr\/wp-content\/uploads\/2023\/03\/Vernazza.png","contentUrl":"https:\/\/epicerievernazza.fr\/wp-content\/uploads\/2023\/03\/Vernazza.png","width":652,"height":141,"caption":"Epicerie Traiteur Italien Vernazza"},"image":{"@id":"https:\/\/epicerievernazza.fr\/#\/schema\/logo\/image\/"},"sameAs":["https:\/\/www.facebook.com\/epicerievernazzalapaquelais","https:\/\/www.instagram.com\/vernazza_la_paquelais\/"]}]}},"_links":{"self":[{"href":"https:\/\/epicerievernazza.fr\/index.php?rest_route=\/wp\/v2\/pages\/249","targetHints":{"allow":["GET"]}}],"collection":[{"href":"https:\/\/epicerievernazza.fr\/index.php?rest_route=\/wp\/v2\/pages"}],"about":[{"href":"https:\/\/epicerievernazza.fr\/index.php?rest_route=\/wp\/v2\/types\/page"}],"author":[{"embeddable":true,"href":"https:\/\/epicerievernazza.fr\/index.php?rest_route=\/wp\/v2\/users\/1"}],"replies":[{"embeddable":true,"href":"https:\/\/epicerievernazza.fr\/index.php?rest_route=%2Fwp%2Fv2%2Fcomments&post=249"}],"version-history":[{"count":25,"href":"https:\/\/epicerievernazza.fr\/index.php?rest_route=\/wp\/v2\/pages\/249\/revisions"}],"predecessor-version":[{"id":3475,"href":"https:\/\/epicerievernazza.fr\/index.php?rest_route=\/wp\/v2\/pages\/249\/revisions\/3475"}],"wp:attachment":[{"href":"https:\/\/epicerievernazza.fr\/index.php?rest_route=%2Fwp%2Fv2%2Fmedia&parent=249"}],"curies":[{"name":"wp","href":"https:\/\/api.w.org\/{rel}","templated":true}]}}