{"id":3560,"date":"2023-04-22T19:15:28","date_gmt":"2023-04-22T17:15:28","guid":{"rendered":"https:\/\/epicerievernazza.fr\/?page_id=3560"},"modified":"2023-05-20T21:11:05","modified_gmt":"2023-05-20T19:11:05","slug":"rose","status":"publish","type":"page","link":"https:\/\/epicerievernazza.fr\/?page_id=3560&lang=en","title":{"rendered":"Ros\u00e9"},"content":{"rendered":"\t\t<div data-elementor-type=\"wp-page\" data-elementor-id=\"3560\" class=\"elementor elementor-3560\">\n\t\t\t\t\t\t<section class=\"elementor-section elementor-top-section elementor-element elementor-element-5a17480 elementor-section-boxed elementor-section-height-default elementor-section-height-default\" data-id=\"5a17480\" data-element_type=\"section\" data-e-type=\"section\">\n\t\t\t\t\t\t<div class=\"elementor-container elementor-column-gap-default\">\n\t\t\t\t\t<div class=\"elementor-column elementor-col-100 elementor-top-column elementor-element elementor-element-348b5357\" data-id=\"348b5357\" data-element_type=\"column\" data-e-type=\"column\">\n\t\t\t<div class=\"elementor-widget-wrap elementor-element-populated\">\n\t\t\t\t\t\t<div class=\"elementor-element elementor-element-314c6906 elementor-invisible elementor-widget elementor-widget-heading\" data-id=\"314c6906\" data-element_type=\"widget\" data-e-type=\"widget\" data-settings=\"{&quot;_animation&quot;:&quot;fadeIn&quot;}\" data-widget_type=\"heading.default\">\n\t\t\t\t<div class=\"elementor-widget-container\">\n\t\t\t\t\t<h2 class=\"elementor-heading-title elementor-size-default\">Ros\u00e9<\/h2>\t\t\t\t<\/div>\n\t\t\t\t<\/div>\n\t\t\t\t\t<\/div>\n\t\t<\/div>\n\t\t\t\t\t<\/div>\n\t\t<\/section>\n\t\t\t\t<section class=\"elementor-section elementor-top-section elementor-element elementor-element-79a2d10e elementor-section-boxed elementor-section-height-default elementor-section-height-default\" data-id=\"79a2d10e\" data-element_type=\"section\" data-e-type=\"section\">\n\t\t\t\t\t\t<div class=\"elementor-container elementor-column-gap-default\">\n\t\t\t\t\t<div class=\"elementor-column elementor-col-100 elementor-top-column elementor-element elementor-element-6d8d1276\" data-id=\"6d8d1276\" data-element_type=\"column\" data-e-type=\"column\">\n\t\t\t<div class=\"elementor-widget-wrap elementor-element-populated\">\n\t\t\t\t\t\t<div class=\"elementor-element elementor-element-4f6a467d elementor-widget elementor-widget-spacer\" data-id=\"4f6a467d\" data-element_type=\"widget\" data-e-type=\"widget\" data-widget_type=\"spacer.default\">\n\t\t\t\t<div class=\"elementor-widget-container\">\n\t\t\t\t\t\t\t<div class=\"elementor-spacer\">\n\t\t\t<div class=\"elementor-spacer-inner\"><\/div>\n\t\t<\/div>\n\t\t\t\t\t\t<\/div>\n\t\t\t\t<\/div>\n\t\t\t\t\t<\/div>\n\t\t<\/div>\n\t\t\t\t\t<\/div>\n\t\t<\/section>\n\t\t\t\t<section class=\"elementor-section elementor-top-section elementor-element elementor-element-1502e81 elementor-section-boxed elementor-section-height-default elementor-section-height-default\" data-id=\"1502e81\" data-element_type=\"section\" data-e-type=\"section\">\n\t\t\t\t\t\t<div class=\"elementor-container elementor-column-gap-default\">\n\t\t\t\t\t<div class=\"elementor-column elementor-col-100 elementor-top-column elementor-element elementor-element-24bad2ea\" data-id=\"24bad2ea\" data-element_type=\"column\" data-e-type=\"column\">\n\t\t\t<div class=\"elementor-widget-wrap elementor-element-populated\">\n\t\t\t\t\t\t<div class=\"elementor-element elementor-element-289bdba elementor-invisible elementor-widget elementor-widget-text-editor\" data-id=\"289bdba\" data-element_type=\"widget\" data-e-type=\"widget\" data-settings=\"{&quot;_animation&quot;:&quot;fadeIn&quot;}\" data-widget_type=\"text-editor.default\">\n\t\t\t\t<div class=\"elementor-widget-container\">\n\t\t\t\t\t\t\t\t\t<p style=\"text-align: center;\"><span style=\"color: #1d1d1b;\"><em>Here is a selection of our ros\u00e9 coming straight from Italy. Find them in our <a href=\"https:\/\/epicerievernazza.fr\/?page_id=853&lang=en\"><strong><span style=\"color: #9a2a1b;\">Vernazza<\/span> <\/strong><\/a>store!<\/em><\/span><\/p>\t\t\t\t\t\t\t\t<\/div>\n\t\t\t\t<\/div>\n\t\t\t\t\t<\/div>\n\t\t<\/div>\n\t\t\t\t\t<\/div>\n\t\t<\/section>\n\t\t\t\t<section class=\"elementor-section elementor-top-section elementor-element elementor-element-367b113e elementor-section-boxed elementor-section-height-default elementor-section-height-default\" data-id=\"367b113e\" data-element_type=\"section\" data-e-type=\"section\">\n\t\t\t\t\t\t<div class=\"elementor-container elementor-column-gap-default\">\n\t\t\t\t\t<div class=\"elementor-column elementor-col-100 elementor-top-column elementor-element elementor-element-316c43ea\" data-id=\"316c43ea\" data-element_type=\"column\" data-e-type=\"column\">\n\t\t\t<div class=\"elementor-widget-wrap elementor-element-populated\">\n\t\t\t\t\t\t<div class=\"elementor-element elementor-element-6e0cd40 elementor-widget-divider--view-line_icon elementor-view-default elementor-widget-divider--element-align-center elementor-invisible elementor-widget elementor-widget-divider\" data-id=\"6e0cd40\" data-element_type=\"widget\" data-e-type=\"widget\" data-settings=\"{&quot;_animation&quot;:&quot;fadeIn&quot;}\" data-widget_type=\"divider.default\">\n\t\t\t\t<div class=\"elementor-widget-container\">\n\t\t\t\t\t\t\t<div class=\"elementor-divider\">\n\t\t\t<span class=\"elementor-divider-separator\">\n\t\t\t\t\t\t\t<div class=\"elementor-icon elementor-divider__element\">\n\t\t\t\t\t<i aria-hidden=\"true\" class=\"fas fa-wine-glass-alt\"><\/i><\/div>\n\t\t\t\t\t\t<\/span>\n\t\t<\/div>\n\t\t\t\t\t\t<\/div>\n\t\t\t\t<\/div>\n\t\t\t\t\t<\/div>\n\t\t<\/div>\n\t\t\t\t\t<\/div>\n\t\t<\/section>\n\t\t\t\t<section class=\"elementor-section elementor-top-section elementor-element elementor-element-1ae24f49 elementor-section-boxed elementor-section-height-default elementor-section-height-default\" data-id=\"1ae24f49\" data-element_type=\"section\" data-e-type=\"section\">\n\t\t\t\t\t\t<div class=\"elementor-container elementor-column-gap-default\">\n\t\t\t\t\t<div class=\"elementor-column elementor-col-50 elementor-top-column elementor-element elementor-element-9f11ebb\" data-id=\"9f11ebb\" data-element_type=\"column\" data-e-type=\"column\">\n\t\t\t<div class=\"elementor-widget-wrap elementor-element-populated\">\n\t\t\t\t\t\t<div class=\"elementor-element elementor-element-45238fdd elementor-invisible elementor-widget elementor-widget-image\" data-id=\"45238fdd\" data-element_type=\"widget\" data-e-type=\"widget\" data-settings=\"{&quot;_animation&quot;:&quot;fadeIn&quot;}\" data-widget_type=\"image.default\">\n\t\t\t\t<div class=\"elementor-widget-container\">\n\t\t\t\t\t\t\t\t\t\t\t\t\t\t\t<img fetchpriority=\"high\" decoding=\"async\" width=\"545\" height=\"1024\" src=\"https:\/\/epicerievernazza.fr\/wp-content\/uploads\/2023\/04\/924b35ff-764f-4891-bbcf-679dcde94e0b-545x1024.jpg\" class=\"attachment-large size-large wp-image-2268\" alt=\"\" srcset=\"https:\/\/epicerievernazza.fr\/wp-content\/uploads\/2023\/04\/924b35ff-764f-4891-bbcf-679dcde94e0b-545x1024.jpg 545w, https:\/\/epicerievernazza.fr\/wp-content\/uploads\/2023\/04\/924b35ff-764f-4891-bbcf-679dcde94e0b-160x300.jpg 160w, https:\/\/epicerievernazza.fr\/wp-content\/uploads\/2023\/04\/924b35ff-764f-4891-bbcf-679dcde94e0b-768x1442.jpg 768w, https:\/\/epicerievernazza.fr\/wp-content\/uploads\/2023\/04\/924b35ff-764f-4891-bbcf-679dcde94e0b-818x1536.jpg 818w, https:\/\/epicerievernazza.fr\/wp-content\/uploads\/2023\/04\/924b35ff-764f-4891-bbcf-679dcde94e0b.jpg 854w\" sizes=\"(max-width: 545px) 100vw, 545px\" \/>\t\t\t\t\t\t\t\t\t\t\t\t\t\t\t<\/div>\n\t\t\t\t<\/div>\n\t\t\t\t<div class=\"elementor-element elementor-element-3433eed7 elementor-invisible elementor-widget elementor-widget-text-editor\" data-id=\"3433eed7\" data-element_type=\"widget\" data-e-type=\"widget\" data-settings=\"{&quot;_animation&quot;:&quot;fadeIn&quot;}\" data-widget_type=\"text-editor.default\">\n\t\t\t\t<div class=\"elementor-widget-container\">\n\t\t\t\t\t\t\t\t\t<h4 style=\"text-align: center;\"><span style=\"color: #de6342;\"><em><strong>Bardolino Ros\u00e9\u00a0\u00a0<\/strong><\/em><\/span><\/h4><p><span style=\"color: #1d1d1b;\"><span style=\"text-decoration: underline;\">Region:<\/span> Lombardy, Lake Garda<\/span><\/p><p><span style=\"color: #1d1d1b;\"><span style=\"text-decoration: underline;\">Grape variety:<\/span> Corvina Veronese<\/span><\/p><p><span style=\"color: #1d1d1b;\"><span style=\"text-decoration: underline;\">Description:<\/span> It is the summer ros\u00e9 by excellence. Delicate, refreshing flavor, it gives a subtle pleasure in the mouth with its young and modern style.<\/span><\/p><p><span style=\"color: #1d1d1b;\"><span style=\"text-decoration: underline;\">Alcohol:<\/span> 12% vol.<\/span><\/p>\t\t\t\t\t\t\t\t<\/div>\n\t\t\t\t<\/div>\n\t\t\t\t\t<\/div>\n\t\t<\/div>\n\t\t\t\t<div class=\"elementor-column elementor-col-50 elementor-top-column elementor-element elementor-element-36a4383c\" data-id=\"36a4383c\" data-element_type=\"column\" data-e-type=\"column\">\n\t\t\t<div class=\"elementor-widget-wrap elementor-element-populated\">\n\t\t\t\t\t\t<div class=\"elementor-element elementor-element-1141ccbe elementor-invisible elementor-widget elementor-widget-image\" data-id=\"1141ccbe\" data-element_type=\"widget\" data-e-type=\"widget\" data-settings=\"{&quot;_animation&quot;:&quot;fadeIn&quot;}\" data-widget_type=\"image.default\">\n\t\t\t\t<div class=\"elementor-widget-container\">\n\t\t\t\t\t\t\t\t\t\t\t\t\t\t\t<img decoding=\"async\" width=\"530\" height=\"1024\" src=\"https:\/\/epicerievernazza.fr\/wp-content\/uploads\/2023\/04\/ba2b586a-13a7-46b0-8b09-36a2ee3cdaa2-530x1024.jpg\" class=\"attachment-large size-large wp-image-2320\" alt=\"\" srcset=\"https:\/\/epicerievernazza.fr\/wp-content\/uploads\/2023\/04\/ba2b586a-13a7-46b0-8b09-36a2ee3cdaa2-530x1024.jpg 530w, https:\/\/epicerievernazza.fr\/wp-content\/uploads\/2023\/04\/ba2b586a-13a7-46b0-8b09-36a2ee3cdaa2-155x300.jpg 155w, https:\/\/epicerievernazza.fr\/wp-content\/uploads\/2023\/04\/ba2b586a-13a7-46b0-8b09-36a2ee3cdaa2-768x1484.jpg 768w, https:\/\/epicerievernazza.fr\/wp-content\/uploads\/2023\/04\/ba2b586a-13a7-46b0-8b09-36a2ee3cdaa2-795x1536.jpg 795w, https:\/\/epicerievernazza.fr\/wp-content\/uploads\/2023\/04\/ba2b586a-13a7-46b0-8b09-36a2ee3cdaa2.jpg 855w\" sizes=\"(max-width: 530px) 100vw, 530px\" \/>\t\t\t\t\t\t\t\t\t\t\t\t\t\t\t<\/div>\n\t\t\t\t<\/div>\n\t\t\t\t<div class=\"elementor-element elementor-element-71a7d06f elementor-invisible elementor-widget elementor-widget-text-editor\" data-id=\"71a7d06f\" data-element_type=\"widget\" data-e-type=\"widget\" data-settings=\"{&quot;_animation&quot;:&quot;fadeIn&quot;}\" data-widget_type=\"text-editor.default\">\n\t\t\t\t<div class=\"elementor-widget-container\">\n\t\t\t\t\t\t\t\t\t<h4 style=\"text-align: center;\"><span style=\"color: #de6342;\"><em><strong>Venti Di San Donaci IGP<\/strong><\/em><\/span><\/h4><p><span style=\"color: #1d1d1b;\"><span style=\"text-decoration: underline;\">Region:<\/span> Puglia<\/span><\/p><p><span style=\"color: #1d1d1b;\"><span style=\"text-decoration: underline;\">Grape variety:<\/span> Negroamaro and Primitivo<\/span><\/p><p><span style=\"color: #1d1d1b;\"><span style=\"text-decoration: underline;\">Description:<\/span> Pronounced bouquet of flowers and red fruits (cherry and raspberry). Harmonious taste, well-balanced acidity.<\/span><\/p><p><span style=\"color: #1d1d1b;\"><span style=\"text-decoration: underline;\">Alcohol:<\/span> 12.5% vol.<\/span><\/p>\t\t\t\t\t\t\t\t<\/div>\n\t\t\t\t<\/div>\n\t\t\t\t\t<\/div>\n\t\t<\/div>\n\t\t\t\t\t<\/div>\n\t\t<\/section>\n\t\t\t\t<\/div>\n\t\t","protected":false},"excerpt":{"rendered":"<p>Ros\u00e9 Here is a selection of our ros\u00e9 coming straight from Italy. Find them in our Vernazza store! Bardolino Ros\u00e9\u00a0\u00a0 Region: Lombardy, Lake Garda Grape variety: Corvina Veronese Description: It is the summer ros\u00e9 by excellence. Delicate, refreshing flavor, it gives a subtle pleasure in the mouth with its young and modern style. Alcohol: 12%<\/p><\/div>\n<div class=\"blog-btn\"><a href=\"https:\/\/epicerievernazza.fr\/?page_id=3560&#038;lang=en\" class=\"home-blog-btn\">Read More<\/a><\/p>\n","protected":false},"author":1,"featured_media":0,"parent":0,"menu_order":0,"comment_status":"closed","ping_status":"closed","template":"","meta":{"footnotes":""},"class_list":["post-3560","page","type-page","status-publish","hentry"],"yoast_head":"<!-- This site is optimized with the Yoast SEO plugin v26.8 - https:\/\/yoast.com\/product\/yoast-seo-wordpress\/ -->\n<title>Ros\u00e9 - Epicerie Traiteur Italien Vernazza<\/title>\n<meta name=\"robots\" content=\"index, follow, max-snippet:-1, max-image-preview:large, max-video-preview:-1\" \/>\n<link rel=\"canonical\" href=\"https:\/\/epicerievernazza.fr\/?page_id=3560&lang=en\" \/>\n<meta property=\"og:locale\" content=\"en_US\" \/>\n<meta property=\"og:type\" content=\"article\" \/>\n<meta property=\"og:title\" content=\"Ros\u00e9 - Epicerie Traiteur Italien Vernazza\" \/>\n<meta property=\"og:description\" content=\"Ros\u00e9 Here is a selection of our ros\u00e9 coming straight from Italy. Find them in our Vernazza store! Bardolino Ros\u00e9\u00a0\u00a0 Region: Lombardy, Lake Garda Grape variety: Corvina Veronese Description: It is the summer ros\u00e9 by excellence. Delicate, refreshing flavor, it gives a subtle pleasure in the mouth with its young and modern style. Alcohol: 12%Read More\" \/>\n<meta property=\"og:url\" content=\"https:\/\/epicerievernazza.fr\/?page_id=3560&amp;lang=en\" \/>\n<meta property=\"og:site_name\" content=\"Epicerie Traiteur Italien Vernazza\" \/>\n<meta property=\"article:publisher\" content=\"https:\/\/www.facebook.com\/epicerievernazzalapaquelais\" \/>\n<meta property=\"article:modified_time\" content=\"2023-05-20T19:11:05+00:00\" \/>\n<meta property=\"og:image\" content=\"https:\/\/epicerievernazza.fr\/wp-content\/uploads\/2023\/04\/924b35ff-764f-4891-bbcf-679dcde94e0b-545x1024.jpg\" \/>\n<meta name=\"twitter:card\" content=\"summary_large_image\" \/>\n<meta name=\"twitter:label1\" content=\"Est. reading time\" \/>\n\t<meta name=\"twitter:data1\" content=\"1 minute\" \/>\n<script type=\"application\/ld+json\" class=\"yoast-schema-graph\">{\"@context\":\"https:\/\/schema.org\",\"@graph\":[{\"@type\":\"WebPage\",\"@id\":\"https:\/\/epicerievernazza.fr\/?page_id=3560&lang=en\",\"url\":\"https:\/\/epicerievernazza.fr\/?page_id=3560&lang=en\",\"name\":\"Ros\u00e9 - Epicerie Traiteur Italien Vernazza\",\"isPartOf\":{\"@id\":\"https:\/\/epicerievernazza.fr\/#website\"},\"primaryImageOfPage\":{\"@id\":\"https:\/\/epicerievernazza.fr\/?page_id=3560&lang=en#primaryimage\"},\"image\":{\"@id\":\"https:\/\/epicerievernazza.fr\/?page_id=3560&lang=en#primaryimage\"},\"thumbnailUrl\":\"https:\/\/epicerievernazza.fr\/wp-content\/uploads\/2023\/04\/924b35ff-764f-4891-bbcf-679dcde94e0b-545x1024.jpg\",\"datePublished\":\"2023-04-22T17:15:28+00:00\",\"dateModified\":\"2023-05-20T19:11:05+00:00\",\"breadcrumb\":{\"@id\":\"https:\/\/epicerievernazza.fr\/?page_id=3560&lang=en#breadcrumb\"},\"inLanguage\":\"en-US\",\"potentialAction\":[{\"@type\":\"ReadAction\",\"target\":[\"https:\/\/epicerievernazza.fr\/?page_id=3560&lang=en\"]}]},{\"@type\":\"ImageObject\",\"inLanguage\":\"en-US\",\"@id\":\"https:\/\/epicerievernazza.fr\/?page_id=3560&lang=en#primaryimage\",\"url\":\"https:\/\/epicerievernazza.fr\/wp-content\/uploads\/2023\/04\/924b35ff-764f-4891-bbcf-679dcde94e0b.jpg\",\"contentUrl\":\"https:\/\/epicerievernazza.fr\/wp-content\/uploads\/2023\/04\/924b35ff-764f-4891-bbcf-679dcde94e0b.jpg\",\"width\":854,\"height\":1604},{\"@type\":\"BreadcrumbList\",\"@id\":\"https:\/\/epicerievernazza.fr\/?page_id=3560&lang=en#breadcrumb\",\"itemListElement\":[{\"@type\":\"ListItem\",\"position\":1,\"name\":\"Accueil\",\"item\":\"https:\/\/epicerievernazza.fr\/\"},{\"@type\":\"ListItem\",\"position\":2,\"name\":\"Ros\u00e9\"}]},{\"@type\":\"WebSite\",\"@id\":\"https:\/\/epicerievernazza.fr\/#website\",\"url\":\"https:\/\/epicerievernazza.fr\/\",\"name\":\"Epicerie Traiteur Italien Vernazza\",\"description\":\"\",\"publisher\":{\"@id\":\"https:\/\/epicerievernazza.fr\/#organization\"},\"potentialAction\":[{\"@type\":\"SearchAction\",\"target\":{\"@type\":\"EntryPoint\",\"urlTemplate\":\"https:\/\/epicerievernazza.fr\/?s={search_term_string}\"},\"query-input\":{\"@type\":\"PropertyValueSpecification\",\"valueRequired\":true,\"valueName\":\"search_term_string\"}}],\"inLanguage\":\"en-US\"},{\"@type\":\"Organization\",\"@id\":\"https:\/\/epicerievernazza.fr\/#organization\",\"name\":\"Epicerie Traiteur Italien Vernazza\",\"url\":\"https:\/\/epicerievernazza.fr\/\",\"logo\":{\"@type\":\"ImageObject\",\"inLanguage\":\"en-US\",\"@id\":\"https:\/\/epicerievernazza.fr\/#\/schema\/logo\/image\/\",\"url\":\"https:\/\/epicerievernazza.fr\/wp-content\/uploads\/2023\/03\/Vernazza.png\",\"contentUrl\":\"https:\/\/epicerievernazza.fr\/wp-content\/uploads\/2023\/03\/Vernazza.png\",\"width\":652,\"height\":141,\"caption\":\"Epicerie Traiteur Italien Vernazza\"},\"image\":{\"@id\":\"https:\/\/epicerievernazza.fr\/#\/schema\/logo\/image\/\"},\"sameAs\":[\"https:\/\/www.facebook.com\/epicerievernazzalapaquelais\",\"https:\/\/www.instagram.com\/vernazza_la_paquelais\/\"]}]}<\/script>\n<!-- \/ Yoast SEO plugin. -->","yoast_head_json":{"title":"Ros\u00e9 - Epicerie Traiteur Italien Vernazza","robots":{"index":"index","follow":"follow","max-snippet":"max-snippet:-1","max-image-preview":"max-image-preview:large","max-video-preview":"max-video-preview:-1"},"canonical":"https:\/\/epicerievernazza.fr\/?page_id=3560&lang=en","og_locale":"en_US","og_type":"article","og_title":"Ros\u00e9 - Epicerie Traiteur Italien Vernazza","og_description":"Ros\u00e9 Here is a selection of our ros\u00e9 coming straight from Italy. Find them in our Vernazza store! Bardolino Ros\u00e9\u00a0\u00a0 Region: Lombardy, Lake Garda Grape variety: Corvina Veronese Description: It is the summer ros\u00e9 by excellence. Delicate, refreshing flavor, it gives a subtle pleasure in the mouth with its young and modern style. Alcohol: 12%Read More","og_url":"https:\/\/epicerievernazza.fr\/?page_id=3560&lang=en","og_site_name":"Epicerie Traiteur Italien Vernazza","article_publisher":"https:\/\/www.facebook.com\/epicerievernazzalapaquelais","article_modified_time":"2023-05-20T19:11:05+00:00","og_image":[{"url":"https:\/\/epicerievernazza.fr\/wp-content\/uploads\/2023\/04\/924b35ff-764f-4891-bbcf-679dcde94e0b-545x1024.jpg","type":"","width":"","height":""}],"twitter_card":"summary_large_image","twitter_misc":{"Est. reading time":"1 minute"},"schema":{"@context":"https:\/\/schema.org","@graph":[{"@type":"WebPage","@id":"https:\/\/epicerievernazza.fr\/?page_id=3560&lang=en","url":"https:\/\/epicerievernazza.fr\/?page_id=3560&lang=en","name":"Ros\u00e9 - Epicerie Traiteur Italien Vernazza","isPartOf":{"@id":"https:\/\/epicerievernazza.fr\/#website"},"primaryImageOfPage":{"@id":"https:\/\/epicerievernazza.fr\/?page_id=3560&lang=en#primaryimage"},"image":{"@id":"https:\/\/epicerievernazza.fr\/?page_id=3560&lang=en#primaryimage"},"thumbnailUrl":"https:\/\/epicerievernazza.fr\/wp-content\/uploads\/2023\/04\/924b35ff-764f-4891-bbcf-679dcde94e0b-545x1024.jpg","datePublished":"2023-04-22T17:15:28+00:00","dateModified":"2023-05-20T19:11:05+00:00","breadcrumb":{"@id":"https:\/\/epicerievernazza.fr\/?page_id=3560&lang=en#breadcrumb"},"inLanguage":"en-US","potentialAction":[{"@type":"ReadAction","target":["https:\/\/epicerievernazza.fr\/?page_id=3560&lang=en"]}]},{"@type":"ImageObject","inLanguage":"en-US","@id":"https:\/\/epicerievernazza.fr\/?page_id=3560&lang=en#primaryimage","url":"https:\/\/epicerievernazza.fr\/wp-content\/uploads\/2023\/04\/924b35ff-764f-4891-bbcf-679dcde94e0b.jpg","contentUrl":"https:\/\/epicerievernazza.fr\/wp-content\/uploads\/2023\/04\/924b35ff-764f-4891-bbcf-679dcde94e0b.jpg","width":854,"height":1604},{"@type":"BreadcrumbList","@id":"https:\/\/epicerievernazza.fr\/?page_id=3560&lang=en#breadcrumb","itemListElement":[{"@type":"ListItem","position":1,"name":"Accueil","item":"https:\/\/epicerievernazza.fr\/"},{"@type":"ListItem","position":2,"name":"Ros\u00e9"}]},{"@type":"WebSite","@id":"https:\/\/epicerievernazza.fr\/#website","url":"https:\/\/epicerievernazza.fr\/","name":"Epicerie Traiteur Italien Vernazza","description":"","publisher":{"@id":"https:\/\/epicerievernazza.fr\/#organization"},"potentialAction":[{"@type":"SearchAction","target":{"@type":"EntryPoint","urlTemplate":"https:\/\/epicerievernazza.fr\/?s={search_term_string}"},"query-input":{"@type":"PropertyValueSpecification","valueRequired":true,"valueName":"search_term_string"}}],"inLanguage":"en-US"},{"@type":"Organization","@id":"https:\/\/epicerievernazza.fr\/#organization","name":"Epicerie Traiteur Italien Vernazza","url":"https:\/\/epicerievernazza.fr\/","logo":{"@type":"ImageObject","inLanguage":"en-US","@id":"https:\/\/epicerievernazza.fr\/#\/schema\/logo\/image\/","url":"https:\/\/epicerievernazza.fr\/wp-content\/uploads\/2023\/03\/Vernazza.png","contentUrl":"https:\/\/epicerievernazza.fr\/wp-content\/uploads\/2023\/03\/Vernazza.png","width":652,"height":141,"caption":"Epicerie Traiteur Italien Vernazza"},"image":{"@id":"https:\/\/epicerievernazza.fr\/#\/schema\/logo\/image\/"},"sameAs":["https:\/\/www.facebook.com\/epicerievernazzalapaquelais","https:\/\/www.instagram.com\/vernazza_la_paquelais\/"]}]}},"_links":{"self":[{"href":"https:\/\/epicerievernazza.fr\/index.php?rest_route=\/wp\/v2\/pages\/3560","targetHints":{"allow":["GET"]}}],"collection":[{"href":"https:\/\/epicerievernazza.fr\/index.php?rest_route=\/wp\/v2\/pages"}],"about":[{"href":"https:\/\/epicerievernazza.fr\/index.php?rest_route=\/wp\/v2\/types\/page"}],"author":[{"embeddable":true,"href":"https:\/\/epicerievernazza.fr\/index.php?rest_route=\/wp\/v2\/users\/1"}],"replies":[{"embeddable":true,"href":"https:\/\/epicerievernazza.fr\/index.php?rest_route=%2Fwp%2Fv2%2Fcomments&post=3560"}],"version-history":[{"count":19,"href":"https:\/\/epicerievernazza.fr\/index.php?rest_route=\/wp\/v2\/pages\/3560\/revisions"}],"predecessor-version":[{"id":5408,"href":"https:\/\/epicerievernazza.fr\/index.php?rest_route=\/wp\/v2\/pages\/3560\/revisions\/5408"}],"wp:attachment":[{"href":"https:\/\/epicerievernazza.fr\/index.php?rest_route=%2Fwp%2Fv2%2Fmedia&parent=3560"}],"curies":[{"name":"wp","href":"https:\/\/api.w.org\/{rel}","templated":true}]}}